{"id":96,"date":"2021-04-09T07:10:37","date_gmt":"2021-04-09T07:10:37","guid":{"rendered":"https:\/\/hermanszombathely.hu\/school\/?page_id=96"},"modified":"2021-05-14T07:29:26","modified_gmt":"2021-05-14T07:29:26","slug":"letoltheto-dokumentumok","status":"publish","type":"page","link":"https:\/\/hermanszombathely.hu\/school\/letoltheto-dokumentumok\/","title":{"rendered":"Egy\u00e9ni tanulm\u00e1nyi rend"},"content":{"rendered":"<p>T\u00e1j\u00e9koztat\u00e1s az egy\u00e9ni tanulm\u00e1nyi rend szab\u00e1lyair\u00f3l (<a href=\"https:\/\/hermanszombathely.hu\/school\/wp-content\/uploads\/2021\/05\/Tajekoztatatas-az-egyeni-tanulmanyi-rend-szabalyairol-2021.pdf\" target=\"_blank\" rel=\"noopener\">pdf<\/a>)<\/p>\n<p>K\u00e9relem egy\u00e9ni tanrend l\u00e9tes\u00edt\u00e9s\u00e9hez (<a href=\"https:\/\/hermanszombathely.hu\/school\/wp-content\/uploads\/2021\/04\/2020-kerelem_egyeni-tanrend-letesitesehez.pdf\" target=\"_blank\" rel=\"noopener\">pdf<\/a>, <a href=\"https:\/\/hermanszombathely.hu\/school\/wp-content\/uploads\/2021\/04\/2020-kerelem_egyeni-tanrend-letesitesehez.docx\" target=\"_blank\" rel=\"noopener\">doc<\/a>)<\/p>\n<p>\u00d3ral\u00e1togat\u00e1si k\u00e9relem (<a href=\"https:\/\/hermanszombathely.hu\/school\/wp-content\/uploads\/2021\/04\/2020-oralatogatasi-kerelem.pdf\" target=\"_blank\" rel=\"noopener\">pdf<\/a>, <a href=\"https:\/\/hermanszombathely.hu\/school\/wp-content\/uploads\/2021\/04\/2020-oralatogatasi-kerelem.docx\" target=\"_blank\" rel=\"noopener\">doc<\/a>)<\/p>\n<p>&nbsp;<\/p>\n<p>&nbsp;<\/p>\n<p>&nbsp;<\/p>\n","protected":false},"excerpt":{"rendered":"<p>T\u00e1j\u00e9koztat\u00e1s az egy\u00e9ni tanulm\u00e1nyi rend szab\u00e1lyair\u00f3l (pdf) K\u00e9relem egy\u00e9ni tanrend l\u00e9tes\u00edt\u00e9s\u00e9hez (pdf, doc) \u00d3ral\u00e1togat\u00e1si k\u00e9relem (pdf, doc) &nbsp; &nbsp; &nbsp;<\/p>\n","protected":false},"author":1,"featured_media":0,"parent":0,"menu_order":0,"comment_status":"closed","ping_status":"closed","template":"","meta":{"_acf_changed":false,"_seopress_robots_primary_cat":"","_seopress_titles_title":"","_seopress_titles_desc":"","_seopress_robots_index":"","_et_pb_use_builder":"","_et_pb_old_content":"","_et_gb_content_width":"","footnotes":""},"class_list":["post-96","page","type-page","status-publish","hentry"],"acf":[],"_links":{"self":[{"href":"https:\/\/hermanszombathely.hu\/school\/wp-json\/wp\/v2\/pages\/96","targetHints":{"allow":["GET"]}}],"collection":[{"href":"https:\/\/hermanszombathely.hu\/school\/wp-json\/wp\/v2\/pages"}],"about":[{"href":"https:\/\/hermanszombathely.hu\/school\/wp-json\/wp\/v2\/types\/page"}],"author":[{"embeddable":true,"href":"https:\/\/hermanszombathely.hu\/school\/wp-json\/wp\/v2\/users\/1"}],"replies":[{"embeddable":true,"href":"https:\/\/hermanszombathely.hu\/school\/wp-json\/wp\/v2\/comments?post=96"}],"version-history":[{"count":4,"href":"https:\/\/hermanszombathely.hu\/school\/wp-json\/wp\/v2\/pages\/96\/revisions"}],"predecessor-version":[{"id":737,"href":"https:\/\/hermanszombathely.hu\/school\/wp-json\/wp\/v2\/pages\/96\/revisions\/737"}],"wp:attachment":[{"href":"https:\/\/hermanszombathely.hu\/school\/wp-json\/wp\/v2\/media?parent=96"}],"curies":[{"name":"wp","href":"https:\/\/api.w.org\/{rel}","templated":true}]}}