{"id":92,"date":"2021-04-09T06:54:09","date_gmt":"2021-04-09T06:54:09","guid":{"rendered":"https:\/\/hermanszombathely.hu\/school\/?page_id=92"},"modified":"2023-12-14T12:54:17","modified_gmt":"2023-12-14T12:54:17","slug":"iskolai-alapdokumentumok","status":"publish","type":"page","link":"https:\/\/hermanszombathely.hu\/school\/iskolai-alapdokumentumok\/","title":{"rendered":"ISKOLAI ALAPDOKUMENTUMOK"},"content":{"rendered":"<ul>\n<li><a href=\"http:\/\/net.jogtar.hu\/jr\/gen\/hjegy_doc.cgi?docid=A1100190.TV&amp;celpara=#xcelparam\"> \u00e9vi CXC. t\u00f6rv\u00e9ny a nemzeti k\u00f6znevel\u00e9sr\u0151l<\/a><\/li>\n<li><a href=\"http:\/\/net.jogtar.hu\/jr\/gen\/hjegy_doc.cgi?docid=A1100187.TV&amp;celpara=#xcelparam\"> \u00e9vi CLXXXVII. t\u00f6rv\u00e9ny a szakk\u00e9pz\u00e9sr\u0151l<\/a><\/li>\n<li><a href=\"http:\/\/net.jogtar.hu\/jr\/gen\/hjegy_doc.cgi?docid=A1200020.EMM\">20\/2012. (VIII. 31.) EMMI rendelet a nevel\u00e9si-oktat\u00e1si int\u00e9zm\u00e9nyek m\u0171k\u00f6d\u00e9s\u00e9r\u0151l \u00e9s a k\u00f6znevel\u00e9si int\u00e9zm\u00e9nyek n\u00e9vhaszn\u00e1lat\u00e1r\u00f3l<\/a><\/li>\n<li><a href=\"http:\/\/net.jogtar.hu\/jr\/gen\/getdoc.cgi?docid=A1200110.KOR\">110\/2012. (VI. 4.) Korm. rendelet a Nemzeti alaptanterv kiad\u00e1s\u00e1r\u00f3l, bevezet\u00e9s\u00e9r\u0151l \u00e9s alkalmaz\u00e1s\u00e1r\u00f3l<\/a><\/li>\n<li><a href=\"http:\/\/net.jogtar.hu\/jr\/gen\/hjegy_doc.cgi?docid=99300079.TV\"> \u00e9vi LXXIX. t\u00f6rv\u00e9ny a k\u00f6zoktat\u00e1sr\u00f3l<\/a><\/li>\n<li><a href=\"http:\/\/net.jogtar.hu\/jr\/gen\/hjegy_doc.cgi?docid=99300076.TV\"> \u00e9vi LXXVI. t\u00f6rv\u00e9ny a szakk\u00e9pz\u00e9sr\u0151l<\/a><\/li>\n<li><a href=\"http:\/\/net.jogtar.hu\/jr\/gen\/hjegy_doc.cgi?docid=99700100.KOR\">100\/1997. (VI. 13.) Korm. rendelet az \u00e9retts\u00e9gi vizsga vizsgaszab\u00e1lyzat\u00e1nak kiad\u00e1s\u00e1r\u00f3l<\/a><\/li>\n<li><a href=\"http:\/\/net.jogtar.hu\/jr\/gen\/hjegy_doc.cgi?docid=a0200040.om\">Az 1\/2005. (I. 21.) OM rendelettel m\u00f3dos\u00edtott, egys\u00e9ges szerkezetbe foglalt 40\/2002. (V. 24.) OM rendelet az \u00e9retts\u00e9gi vizsga r\u00e9szletes k\u00f6vetelm\u00e9nyeir\u0151l<\/a><\/li>\n<li>Szakmai Program (<a href=\"https:\/\/hermanszombathely.hu\/school\/szakmai-program\/\" target=\"_blank\" rel=\"noopener\">pdf<\/a>) \u2013 2023. szeptember 01.<\/li>\n<li>H\u00e1zirend (<a href=\"https:\/\/hermanszombathely.hu\/school\/wp-content\/uploads\/2023\/02\/kaszc-herman-Hazirend-2022.-elfogadott.pdf\" target=\"_blank\" rel=\"noopener\">pdf<\/a>) \u2013 2022. szeptember 01.<\/li>\n<li>Szervezeti \u00e9s M\u0171k\u00f6d\u00e9si Szab\u00e1lyzat (SzMSz)\u00a0(<a href=\"https:\/\/hermanszombathely.hu\/school\/szervezeti-es-mukodesi-szabalyzat\/\" target=\"_blank\" rel=\"noopener\">pdf<\/a>) \u2013 2022. szeptember 01.<\/li>\n<li>Munkaterv (<a href=\"https:\/\/hermanszombathely.hu\/school\/munkaterv-2020-2021\/\" target=\"_blank\" rel=\"noopener\">pdf<\/a>) 2023 \/ 2024 tan\u00e9v<\/li>\n<li>Az Ill\u00e9s B\u00e9la Labdar\u00fag\u00f3 Akad\u00e9mia tagjaira vonatkoz\u00f3 SZMSZ-mell\u00e9klet\u00a0\u00a0(pdf)<\/li>\n<li>Adatkezel\u00e9si t\u00e1j\u00e9koztat\u00f3 GDPR (<a href=\"https:\/\/hermanszombathely.hu\/school\/wp-content\/uploads\/2021\/04\/Adatkezelesi-tajekoztato_GDPR.pdf\" target=\"_blank\" rel=\"noopener\">pdf<\/a>)<\/li>\n<li><a href=\"http:\/\/kerettanterv.ofi.hu\/\">Kerettantervek (ofi.hu)<\/a><\/li>\n<li><a href=\"https:\/\/www.nive.hu\/index.php?option=com_content&amp;view=article&amp;id=706:az-emmi-kozlemenye-a-szakkepzesi-kozismereti-tantervekrol&amp;catid=9:hir-fb&amp;Itemid=166\">Az EMMI k\u00f6zlem\u00e9nye a szakk\u00e9pz\u00e9si k\u00f6zismereti tantervekr\u0151l<\/a>(2016. augusztus 12. p\u00e9ntek, 14:23)<\/li>\n<li><a href=\"https:\/\/www.nive.hu\/index.php?option=com_content&amp;view=article&amp;id=685:szakgimnaziumi-kerettanterv-munkaanyag&amp;catid=10:hir-fj&amp;Itemid=166\">T\u00e1j\u00e9koztat\u00e1s a 2016\/2017. tan\u00e9vt\u0151l bevezet\u00e9sre ker\u00fcl\u0151 szakgimn\u00e1ziumi kerettantervek tervezeteir\u0151l<\/a>(2016. augusztus 11. cs\u00fct\u00f6rt\u00f6k, 17:40)<\/li>\n<li><a href=\"https:\/\/www.nive.hu\/index.php?option=com_content&amp;view=article&amp;id=533\">Szakk\u00e9pz\u00e9si kerettantervek \u2013 k\u00f6zponti programok<\/a><\/li>\n<\/ul>\n<p><strong><em>\u00d6sszef\u00fcgg\u0151 (ny\u00e1ri) szakmai gyakorlat<\/em><\/strong><\/p>\n<ul>\n<li>Befogad\u00f3 nyilatkozat ny\u00e1ri \u00f6sszef\u00fcgg\u0151 gyakorlatra (<a href=\"https:\/\/hermanszombathely.hu\/wp-content\/uploads\/2018\/04\/Befogad%C3%B3-nyilatkozat.docx\">docx<\/a>,\u00a0<a href=\"https:\/\/hermanszombathely.hu\/wp-content\/uploads\/2018\/04\/Befogad%C3%B3-nyilatkozat.pdf\">pdf<\/a>)<\/li>\n<li>Foglalkoz\u00e1si napl\u00f3 a ny\u00e1ri \u00f6sszef\u00fcgg\u0151 szakmai gyakorlathoz (<a href=\"https:\/\/hermanszombathely.hu\/wp-content\/uploads\/2019\/08\/foglalkozasi-naplo-nyari-gyakorlat.pdf\">pdf<\/a>)<\/li>\n<li><a href=\"http:\/\/www.nak.hu\/tair\">NAK TAIR \u2013 nyilv\u00e1nos gyakorlati k\u00e9pz\u0151helyek nyilv\u00e1ntart\u00e1sa &gt;&gt;&gt;<\/a><\/li>\n<li><a href=\"http:\/\/www.isziir.hu\/_frontend\/index.php?module=gsz_nyilvantartasi_felulet\">MKIK ISZIIR \u2013 Gyakorlati k\u00e9pz\u00e9sre jogosult szervezetek nyilv\u00e1ntart\u00e1sa &gt;&gt;&gt;<\/a><\/li>\n<li><a href=\"http:\/\/njt.hu\/cgi_bin\/njt_doc.cgi?docid=139866.338617\"> \u00e9vi CLXXXVII. t\u00f6rv\u00e9ny a szakk\u00e9pz\u00e9sr\u0151l &gt;&gt;&gt;<\/a><\/li>\n<\/ul>\n<p><strong><em>K\u00e9relmek<\/em><\/strong><\/p>\n<ul>\n<li>A mindennapos testnevel\u00e9sben \u00e9rintett tanul\u00f3k testnevel\u00e9s tan\u00f3r\u00e1j\u00e1nak kiv\u00e1lt\u00e1s\u00e1ra k\u00fcls\u0151 sportegyes\u00fclet eset\u00e9ben (<a href=\"https:\/\/hermanszombathely.hu\/wp-content\/uploads\/2019\/09\/mindennapos-testneveles-kivaltasa-kerelem-1-orarol_kulso-sportegyesulet.pdf\">pdf<\/a>)<\/li>\n<\/ul>\n<p><strong><em>e-\u00dcgyint\u00e9z\u00e9s<\/em><\/strong><\/p>\n<ul>\n<li><a href=\"https:\/\/hermanszombathely.hu\/e-ugyintezes\/\">Az elektronikus \u00fcgyint\u00e9z\u00e9s \u00e1ltal\u00e1nos szab\u00e1lyaival \u00f6sszef\u00fcgg\u0151 \u00fcgyf\u00e9l t\u00e1j\u00e9koztat\u00f3<\/a><\/li>\n<li><a href=\"https:\/\/tudasbazis.ekreta.hu\/pages\/viewpage.action?pageId=17761777\">Tanulm\u00e1nyokkal kapcsolatos \u00fcgyint\u00e9z\u00e9s \u00fcgycsoport<\/a><\/li>\n<li><a href=\"https:\/\/tudasbazis.ekreta.hu\/pages\/viewpage.action?pageId=17764452\">Iskolai kir\u00e1ndul\u00e1sok enged\u00e9ly\u00e9nek kezel\u00e9se<\/a><\/li>\n<li><a href=\"https:\/\/tudasbazis.ekreta.hu\/pages\/viewpage.action?pageId=17764480\">Iskolai esem\u00e9nyek enged\u00e9ly\u00e9nek kezel\u00e9se<\/a><\/li>\n<li><a href=\"https:\/\/tudasbazis.ekreta.hu\/pages\/viewpage.action?pageId=17763962\">e-\u00dcgyint\u00e9z\u00e9s: \u00dczenetek kezel\u00e9se<\/a><\/li>\n<\/ul>\n","protected":false},"excerpt":{"rendered":"<p>\u00e9vi CXC. t\u00f6rv\u00e9ny a nemzeti k\u00f6znevel\u00e9sr\u0151l \u00e9vi CLXXXVII. t\u00f6rv\u00e9ny a szakk\u00e9pz\u00e9sr\u0151l 20\/2012. (VIII. 31.) EMMI rendelet a nevel\u00e9si-oktat\u00e1si int\u00e9zm\u00e9nyek m\u0171k\u00f6d\u00e9s\u00e9r\u0151l \u00e9s a k\u00f6znevel\u00e9si int\u00e9zm\u00e9nyek n\u00e9vhaszn\u00e1lat\u00e1r\u00f3l 110\/2012. (VI. 4.) Korm. rendelet a Nemzeti alaptanterv kiad\u00e1s\u00e1r\u00f3l, bevezet\u00e9s\u00e9r\u0151l \u00e9s alkalmaz\u00e1s\u00e1r\u00f3l \u00e9vi LXXIX. t\u00f6rv\u00e9ny a k\u00f6zoktat\u00e1sr\u00f3l \u00e9vi LXXVI. t\u00f6rv\u00e9ny a szakk\u00e9pz\u00e9sr\u0151l 100\/1997. (VI. 13.) Korm. rendelet az \u00e9retts\u00e9gi vizsga [&hellip;]<\/p>\n","protected":false},"author":1,"featured_media":0,"parent":0,"menu_order":0,"comment_status":"closed","ping_status":"closed","template":"","meta":{"_acf_changed":false,"_seopress_robots_primary_cat":"","_seopress_titles_title":"","_seopress_titles_desc":"","_seopress_robots_index":"","_et_pb_use_builder":"","_et_pb_old_content":"","_et_gb_content_width":"","footnotes":""},"class_list":["post-92","page","type-page","status-publish","hentry"],"acf":[],"_links":{"self":[{"href":"https:\/\/hermanszombathely.hu\/school\/wp-json\/wp\/v2\/pages\/92","targetHints":{"allow":["GET"]}}],"collection":[{"href":"https:\/\/hermanszombathely.hu\/school\/wp-json\/wp\/v2\/pages"}],"about":[{"href":"https:\/\/hermanszombathely.hu\/school\/wp-json\/wp\/v2\/types\/page"}],"author":[{"embeddable":true,"href":"https:\/\/hermanszombathely.hu\/school\/wp-json\/wp\/v2\/users\/1"}],"replies":[{"embeddable":true,"href":"https:\/\/hermanszombathely.hu\/school\/wp-json\/wp\/v2\/comments?post=92"}],"version-history":[{"count":10,"href":"https:\/\/hermanszombathely.hu\/school\/wp-json\/wp\/v2\/pages\/92\/revisions"}],"predecessor-version":[{"id":2219,"href":"https:\/\/hermanszombathely.hu\/school\/wp-json\/wp\/v2\/pages\/92\/revisions\/2219"}],"wp:attachment":[{"href":"https:\/\/hermanszombathely.hu\/school\/wp-json\/wp\/v2\/media?parent=92"}],"curies":[{"name":"wp","href":"https:\/\/api.w.org\/{rel}","templated":true}]}}