{"id":87,"date":"2021-04-09T06:42:29","date_gmt":"2021-04-09T06:42:29","guid":{"rendered":"https:\/\/hermanszombathely.hu\/school\/?page_id=87"},"modified":"2024-02-29T12:40:13","modified_gmt":"2024-02-29T12:40:13","slug":"fogadoorak","status":"publish","type":"page","link":"https:\/\/hermanszombathely.hu\/school\/fogadoorak\/","title":{"rendered":"Fogad\u00f3\u00f3r\u00e1k"},"content":{"rendered":"<p><strong>El\u0151zetes telefonos (94\/512-420) egyeztet\u00e9s alapj\u00e1n az al\u00e1bbi id\u0151pontokban tartunk fogad\u00f3\u00f3r\u00e1kat.<\/strong><\/p>\n<table style=\"width: 483px;\">\n<tbody>\n<tr>\n<td style=\"width: 255.562px;\"><strong>N\u00e9vsor<\/strong><\/td>\n<td style=\"width: 67.4375px; text-align: center;\"><strong>Nap<\/strong><\/td>\n<td style=\"width: 48px; text-align: center;\"><strong>Kezdet<\/strong><\/td>\n<td style=\"width: 36px; text-align: center;\"><\/td>\n<td style=\"width: 38px; text-align: center;\"><strong>V\u00e9ge<\/strong><\/td>\n<\/tr>\n<tr>\n<td style=\"width: 255.562px;\">Ab\u00e9rt-Tihanyi Andrea<\/td>\n<td style=\"width: 67.4375px; text-align: center;\">szerda<\/td>\n<td style=\"width: 48px; text-align: center;\">11:30<\/td>\n<td style=\"width: 36px; text-align: center;\">\u00a0&#8212;&#8211;<\/td>\n<td style=\"width: 38px; text-align: center;\">12:15<\/td>\n<\/tr>\n<tr>\n<td style=\"width: 255.562px;\">\u00c1goston Edit<\/td>\n<td style=\"width: 67.4375px; text-align: center;\">h\u00e9tf\u0151<\/td>\n<td style=\"width: 48px; text-align: center;\">8:40<\/td>\n<td style=\"width: 36px; text-align: center;\">\u00a0&#8212;&#8211;<\/td>\n<td style=\"width: 38px; text-align: center;\">9:25<\/td>\n<\/tr>\n<tr>\n<td style=\"width: 255.562px;\">Botos Andrea<\/td>\n<td style=\"width: 67.4375px; text-align: center;\">szerda<\/td>\n<td style=\"width: 48px; text-align: center;\">12:30<\/td>\n<td style=\"width: 36px; text-align: center;\">\u00a0&#8212;&#8211;<\/td>\n<td style=\"width: 38px; text-align: center;\">13:15<\/td>\n<\/tr>\n<tr>\n<td style=\"width: 255.562px;\">B\u00f6g\u00f6ti G\u00e1bor<\/td>\n<td style=\"width: 67.4375px; text-align: center;\">p\u00e9ntek<\/td>\n<td style=\"width: 48px; text-align: center;\">9:25<\/td>\n<td style=\"width: 36px; text-align: center;\">\u00a0&#8212;&#8211;<\/td>\n<td style=\"width: 38px; text-align: center;\">10:15<\/td>\n<\/tr>\n<tr>\n<td style=\"width: 255.562px;\">Csajk\u00e1s S\u00e1ndor<\/td>\n<td style=\"width: 67.4375px; text-align: center;\">kedd<\/td>\n<td style=\"width: 48px; text-align: center;\">12:00<\/td>\n<td style=\"width: 36px; text-align: center;\">\u00a0&#8212;&#8211;<\/td>\n<td style=\"width: 38px; text-align: center;\">13:00<\/td>\n<\/tr>\n<tr>\n<td style=\"width: 255.562px;\">Div\u00f3s-Bert\u00f3k Edina<\/td>\n<td style=\"width: 67.4375px; text-align: center;\">Kedd<\/td>\n<td style=\"width: 48px; text-align: center;\">9:35<\/td>\n<td style=\"width: 36px; text-align: center;\">\u00a0&#8212;&#8211;<\/td>\n<td style=\"width: 38px; text-align: center;\">10:20<\/td>\n<\/tr>\n<tr>\n<td style=\"width: 255.562px;\">Dr. Danka Lajos<\/td>\n<td style=\"width: 67.4375px; text-align: center;\">p\u00e9ntek<\/td>\n<td style=\"width: 48px; text-align: center;\">8:40<\/td>\n<td style=\"width: 36px; text-align: center;\">\u00a0&#8212;&#8211;<\/td>\n<td style=\"width: 38px; text-align: center;\">9:25<\/td>\n<\/tr>\n<tr>\n<td style=\"width: 255.562px;\">Ger\u00f6ly Patricia<\/td>\n<td style=\"width: 67.4375px; text-align: center;\">Cs\u00fct\u00f6rt\u00f6k<\/td>\n<td style=\"width: 48px; text-align: center;\">10:35<\/td>\n<td style=\"width: 36px; text-align: center;\">\u00a0&#8212;&#8211;<\/td>\n<td style=\"width: 38px; text-align: center;\">11:20<\/td>\n<\/tr>\n<tr>\n<td style=\"width: 255.562px;\">Hende Tam\u00e1s<\/td>\n<td style=\"width: 67.4375px; text-align: center;\">kedd<\/td>\n<td style=\"width: 48px; text-align: center;\">11:30<\/td>\n<td style=\"width: 36px; text-align: center;\">\u00a0&#8212;&#8211;<\/td>\n<td style=\"width: 38px; text-align: center;\">12:15<\/td>\n<\/tr>\n<tr>\n<td style=\"width: 255.562px;\">K\u00e1mpel J\u00f3zsef<\/td>\n<td style=\"width: 67.4375px; text-align: center;\">h\u00e9tf\u0151<\/td>\n<td style=\"width: 48px; text-align: center;\">8:40<\/td>\n<td style=\"width: 36px; text-align: center;\">\u00a0&#8212;&#8211;<\/td>\n<td style=\"width: 38px; text-align: center;\">9:25<\/td>\n<\/tr>\n<tr>\n<td style=\"width: 255.562px;\">Katavics Andr\u00e1s<\/td>\n<td style=\"width: 67.4375px; text-align: center;\">kedd<\/td>\n<td style=\"width: 48px; text-align: center;\">7:45<\/td>\n<td style=\"width: 36px; text-align: center;\">\u00a0&#8212;&#8211;<\/td>\n<td style=\"width: 38px; text-align: center;\">8:30<\/td>\n<\/tr>\n<tr>\n<td style=\"width: 255.562px;\">Katona Szabolcs<\/td>\n<td style=\"width: 67.4375px; text-align: center;\">cs\u00fct\u00f6rt\u00f6k<\/td>\n<td style=\"width: 48px; text-align: center;\">13:00<\/td>\n<td style=\"width: 36px; text-align: center;\">\u00a0&#8212;&#8211;<\/td>\n<td style=\"width: 38px; text-align: center;\">13:45<\/td>\n<\/tr>\n<tr>\n<td style=\"width: 255.562px;\">Kenesei Imola<\/td>\n<td style=\"width: 67.4375px; text-align: center;\">kedd<\/td>\n<td style=\"width: 48px; text-align: center;\">9:35<\/td>\n<td style=\"width: 36px; text-align: center;\">\u00a0&#8212;&#8211;<\/td>\n<td style=\"width: 38px; text-align: center;\">10:20<\/td>\n<\/tr>\n<tr>\n<td style=\"width: 255.562px;\">Kerekes P\u00e9ter<\/td>\n<td style=\"width: 67.4375px; text-align: center;\">szerda<\/td>\n<td style=\"width: 48px; text-align: center;\">13.00<\/td>\n<td style=\"width: 36px; text-align: center;\">\u00a0&#8212;&#8211;<\/td>\n<td style=\"width: 38px; text-align: center;\">14.00<\/td>\n<\/tr>\n<tr>\n<td style=\"width: 255.562px;\">Keszei Andrea<\/td>\n<td style=\"width: 67.4375px; text-align: center;\">Cs\u00fct\u00f6rt\u00f6k<\/td>\n<td style=\"width: 48px; text-align: center;\">10:35<\/td>\n<td style=\"width: 36px; text-align: center;\">\u00a0&#8212;&#8211;<\/td>\n<td style=\"width: 38px; text-align: center;\">11:20<\/td>\n<\/tr>\n<tr>\n<td style=\"width: 255.562px;\">Kissn\u00e9 Lipi M\u00e1rta<\/td>\n<td style=\"width: 67.4375px; text-align: center;\">szerda<\/td>\n<td style=\"width: 48px; text-align: center;\">8:40<\/td>\n<td style=\"width: 36px; text-align: center;\">\u00a0&#8212;&#8211;<\/td>\n<td style=\"width: 38px; text-align: center;\">9:25<\/td>\n<\/tr>\n<tr>\n<td style=\"width: 255.562px;\">Kle\u00e9n\u00e9 T\u00f3th Szilvia<\/td>\n<td style=\"width: 67.4375px; text-align: center;\">H\u00e9tf\u0151<\/td>\n<td style=\"width: 48px; text-align: center;\">11:30<\/td>\n<td style=\"width: 36px; text-align: center;\">\u00a0&#8212;&#8211;<\/td>\n<td style=\"width: 38px; text-align: center;\">12:15<\/td>\n<\/tr>\n<tr>\n<td style=\"width: 255.562px;\">Koszogovitsn\u00e9 Kundermann Be\u00e1ta<\/td>\n<td style=\"width: 67.4375px; text-align: center;\">p\u00e9ntek<\/td>\n<td style=\"width: 48px; text-align: center;\">10:35<\/td>\n<td style=\"width: 36px; text-align: center;\">\u00a0&#8212;&#8211;<\/td>\n<td style=\"width: 38px; text-align: center;\">11:20<\/td>\n<\/tr>\n<tr>\n<td style=\"width: 255.562px;\">Kov\u00e1cs Attila<\/td>\n<td style=\"width: 67.4375px; text-align: center;\">kedd<\/td>\n<td style=\"width: 48px; text-align: center;\">12:25<\/td>\n<td style=\"width: 36px; text-align: center;\">\u00a0&#8212;&#8211;<\/td>\n<td style=\"width: 38px; text-align: center;\">13:10<\/td>\n<\/tr>\n<tr>\n<td style=\"width: 255.562px;\">Lengyel-Kiss Katalin<\/td>\n<td style=\"width: 67.4375px; text-align: center;\">h\u00e9tf\u0151<\/td>\n<td style=\"width: 48px; text-align: center;\">9:35<\/td>\n<td style=\"width: 36px; text-align: center;\">\u00a0&#8212;&#8211;<\/td>\n<td style=\"width: 38px; text-align: center;\">10:20<\/td>\n<\/tr>\n<tr>\n<td style=\"width: 255.562px;\">L\u00f6vein\u00e9 Cs\u00e1ji Ilona<\/td>\n<td style=\"width: 67.4375px; text-align: center;\">h\u00e9tf\u0151<\/td>\n<td style=\"width: 48px; text-align: center;\">12:00<\/td>\n<td style=\"width: 36px; text-align: center;\">\u00a0&#8212;&#8211;<\/td>\n<td style=\"width: 38px; text-align: center;\">13:00<\/td>\n<\/tr>\n<tr>\n<td style=\"width: 255.562px;\">Mar\u00e1czi Gy\u00f6rgyn\u00e9<\/td>\n<td style=\"width: 67.4375px; text-align: center;\">kedd<\/td>\n<td style=\"width: 48px; text-align: center;\">8:40<\/td>\n<td style=\"width: 36px; text-align: center;\">\u00a0&#8212;&#8211;<\/td>\n<td style=\"width: 38px; text-align: center;\">9:25<\/td>\n<\/tr>\n<tr>\n<td style=\"width: 255.562px;\">M\u00e1ty\u00e1s Szabolcs<\/td>\n<td style=\"width: 67.4375px; text-align: center;\">szerda<\/td>\n<td style=\"width: 48px; text-align: center;\">9:35<\/td>\n<td style=\"width: 36px; text-align: center;\">\u00a0&#8212;&#8211;<\/td>\n<td style=\"width: 38px; text-align: center;\">10:20<\/td>\n<\/tr>\n<tr>\n<td style=\"width: 255.562px;\">Mesterh\u00e1zy J\u00f3zsef<\/td>\n<td style=\"width: 67.4375px; text-align: center;\">Cs\u00fct\u00f6rt\u00f6k<\/td>\n<td style=\"width: 48px; text-align: center;\">9:35<\/td>\n<td style=\"width: 36px; text-align: center;\">\u00a0&#8212;&#8211;<\/td>\n<td style=\"width: 38px; text-align: center;\">10:20<\/td>\n<\/tr>\n<tr>\n<td style=\"width: 255.562px;\">Nagy Dezs\u0151<\/td>\n<td style=\"width: 67.4375px; text-align: center;\">kedd<\/td>\n<td style=\"width: 48px; text-align: center;\">11:30<\/td>\n<td style=\"width: 36px; text-align: center;\">\u00a0&#8212;&#8211;<\/td>\n<td style=\"width: 38px; text-align: center;\">12:15<\/td>\n<\/tr>\n<tr>\n<td style=\"width: 255.562px;\">N\u00e9meth Csaba<\/td>\n<td style=\"width: 67.4375px; text-align: center;\">kedd<\/td>\n<td style=\"width: 48px; text-align: center;\">7:45<\/td>\n<td style=\"width: 36px; text-align: center;\">\u00a0&#8212;&#8211;<\/td>\n<td style=\"width: 38px; text-align: center;\">8:30<\/td>\n<\/tr>\n<tr>\n<td style=\"width: 255.562px;\">N\u00e9methn\u00e9 T\u00f3th T\u00edmea<\/td>\n<td style=\"width: 67.4375px; text-align: center;\">Kedd<\/td>\n<td style=\"width: 48px; text-align: center;\">8:40<\/td>\n<td style=\"width: 36px; text-align: center;\">\u00a0&#8212;&#8211;<\/td>\n<td style=\"width: 38px; text-align: center;\">9:25<\/td>\n<\/tr>\n<tr>\n<td style=\"width: 255.562px;\">Nyuln\u00e9 Kocsis Krisztina<\/td>\n<td style=\"width: 67.4375px; text-align: center;\">H\u00e9tf\u0151<\/td>\n<td style=\"width: 48px; text-align: center;\">9:35<\/td>\n<td style=\"width: 36px; text-align: center;\">\u00a0&#8212;&#8211;<\/td>\n<td style=\"width: 38px; text-align: center;\">10:20<\/td>\n<\/tr>\n<tr>\n<td style=\"width: 255.562px;\">Orb\u00e1n Attila<\/td>\n<td style=\"width: 67.4375px; text-align: center;\">p\u00e9ntek<\/td>\n<td style=\"width: 48px; text-align: center;\">11:20<\/td>\n<td style=\"width: 36px; text-align: center;\">\u00a0&#8212;&#8211;<\/td>\n<td style=\"width: 38px; text-align: center;\">12:00<\/td>\n<\/tr>\n<tr>\n<td style=\"width: 255.562px;\">P\u00e1lmai Ang\u00e9la<\/td>\n<td style=\"width: 67.4375px; text-align: center;\">h\u00e9tf\u0151<\/td>\n<td style=\"width: 48px; text-align: center;\">10:35<\/td>\n<td style=\"width: 36px; text-align: center;\">\u00a0&#8212;&#8211;<\/td>\n<td style=\"width: 38px; text-align: center;\">11:20<\/td>\n<\/tr>\n<tr>\n<td style=\"width: 255.562px;\">Pint\u00e9r G\u00e1bor<\/td>\n<td style=\"width: 67.4375px; text-align: center;\">kedd<\/td>\n<td style=\"width: 48px; text-align: center;\">8:40<\/td>\n<td style=\"width: 36px; text-align: center;\">\u00a0&#8212;&#8211;<\/td>\n<td style=\"width: 38px; text-align: center;\">9:25<\/td>\n<\/tr>\n<tr>\n<td style=\"width: 255.562px;\">Pos\u00e1r Judit<\/td>\n<td style=\"width: 67.4375px; text-align: center;\">cs\u00fct\u00f6rt\u00f6k<\/td>\n<td style=\"width: 48px; text-align: center;\">12:25<\/td>\n<td style=\"width: 36px; text-align: center;\">\u00a0&#8212;&#8211;<\/td>\n<td style=\"width: 38px; text-align: center;\">13:10<\/td>\n<\/tr>\n<tr>\n<td style=\"width: 255.562px;\">S\u00e1gin\u00e9 Hende Adrienn<\/td>\n<td style=\"width: 67.4375px; text-align: center;\">szerda<\/td>\n<td style=\"width: 48px; text-align: center;\">8:00<\/td>\n<td style=\"width: 36px; text-align: center;\">\u00a0&#8212;&#8211;<\/td>\n<td style=\"width: 38px; text-align: center;\">8:45<\/td>\n<\/tr>\n<tr>\n<td style=\"width: 255.562px;\">S\u00e1rfi No\u00e9mi<\/td>\n<td style=\"width: 67.4375px; text-align: center;\">szerda<\/td>\n<td style=\"width: 48px; text-align: center;\">12.00<\/td>\n<td style=\"width: 36px; text-align: center;\">\u00a0&#8212;&#8211;<\/td>\n<td style=\"width: 38px; text-align: center;\">12:45<\/td>\n<\/tr>\n<tr>\n<td style=\"width: 255.562px;\">Seres Gy\u00f6rgyi<\/td>\n<td style=\"width: 67.4375px; text-align: center;\">Szerda<\/td>\n<td style=\"width: 48px; text-align: center;\">11:30<\/td>\n<td style=\"width: 36px; text-align: center;\">\u00a0&#8212;&#8211;<\/td>\n<td style=\"width: 38px; text-align: center;\">12:30<\/td>\n<\/tr>\n<tr>\n<td style=\"width: 255.562px;\">Simonn\u00e9 Tam\u00e1ssy Judit<\/td>\n<td style=\"width: 67.4375px; text-align: center;\">H\u00e9tf\u0151<\/td>\n<td style=\"width: 48px; text-align: center;\">10.35<\/td>\n<td style=\"width: 36px; text-align: center;\">\u00a0&#8212;&#8211;<\/td>\n<td style=\"width: 38px; text-align: center;\">11:20<\/td>\n<\/tr>\n<tr>\n<td style=\"width: 255.562px;\">So\u00f3s P\u00e9ter<\/td>\n<td style=\"width: 67.4375px; text-align: center;\">szerda<\/td>\n<td style=\"width: 48px; text-align: center;\">10:35<\/td>\n<td style=\"width: 36px; text-align: center;\">\u00a0&#8212;&#8211;<\/td>\n<td style=\"width: 38px; text-align: center;\">11:20<\/td>\n<\/tr>\n<tr>\n<td style=\"width: 255.562px;\">Spaits S\u00e1ndor<\/td>\n<td style=\"width: 67.4375px; text-align: center;\">h\u00e9tf\u0151<\/td>\n<td style=\"width: 48px; text-align: center;\">13:20<\/td>\n<td style=\"width: 36px; text-align: center;\">\u00a0&#8212;&#8211;<\/td>\n<td style=\"width: 38px; text-align: center;\">14:00<\/td>\n<\/tr>\n<tr>\n<td style=\"width: 255.562px;\">Szab\u00f3 T\u00edmea<\/td>\n<td style=\"width: 67.4375px; text-align: center;\">h\u00e9tf\u0151<\/td>\n<td style=\"width: 48px; text-align: center;\">10:35<\/td>\n<td style=\"width: 36px; text-align: center;\">\u00a0&#8212;&#8211;<\/td>\n<td style=\"width: 38px; text-align: center;\">11:20<\/td>\n<\/tr>\n<tr>\n<td style=\"width: 255.562px;\">Tak\u00e1csn\u00e9 Kov\u00e1cs Vera<\/td>\n<td style=\"width: 67.4375px; text-align: center;\">Cs\u00fct\u00f6rt\u00f6k<\/td>\n<td style=\"width: 48px; text-align: center;\">9:35<\/td>\n<td style=\"width: 36px; text-align: center;\">\u00a0&#8212;&#8211;<\/td>\n<td style=\"width: 38px; text-align: center;\">10:20<\/td>\n<\/tr>\n<tr>\n<td style=\"width: 255.562px;\">T\u00e1nczos Gy\u00f6rgy<\/td>\n<td style=\"width: 67.4375px; text-align: center;\">h\u00e9tf\u0151<\/td>\n<td style=\"width: 48px; text-align: center;\">11:00<\/td>\n<td style=\"width: 36px; text-align: center;\">\u00a0&#8212;&#8211;<\/td>\n<td style=\"width: 38px; text-align: center;\">12:00<\/td>\n<\/tr>\n<tr>\n<td style=\"width: 255.562px;\">T\u00f3th Gyula Tam\u00e1s<\/td>\n<td style=\"width: 67.4375px; text-align: center;\">P\u00e9ntek<\/td>\n<td style=\"width: 48px; text-align: center;\">8:40<\/td>\n<td style=\"width: 36px; text-align: center;\">\u00a0&#8212;&#8211;<\/td>\n<td style=\"width: 38px; text-align: center;\">9:25<\/td>\n<\/tr>\n<tr>\n<td style=\"width: 255.562px;\">T\u00f3thn\u00e9 Kiss Anik\u00f3<\/td>\n<td style=\"width: 67.4375px; text-align: center;\">szerda<\/td>\n<td style=\"width: 48px; text-align: center;\">12:30<\/td>\n<td style=\"width: 36px; text-align: center;\">\u00a0&#8212;&#8211;<\/td>\n<td style=\"width: 38px; text-align: center;\">13:15<\/td>\n<\/tr>\n<tr>\n<td style=\"width: 255.562px;\">V\u00f6r\u00f6sn\u00e9 F\u00e1bi\u00e1n \u00c1gota<\/td>\n<td style=\"width: 67.4375px; text-align: center;\">Kedd<\/td>\n<td style=\"width: 48px; text-align: center;\">12:00<\/td>\n<td style=\"width: 36px; text-align: center;\">\u00a0&#8212;&#8211;<\/td>\n<td style=\"width: 38px; text-align: center;\">13:00<\/td>\n<\/tr>\n<\/tbody>\n<\/table>\n<p>Friss\u00edtve: 2024.01.24<\/p>\n","protected":false},"excerpt":{"rendered":"<p>El\u0151zetes telefonos (94\/512-420) egyeztet\u00e9s alapj\u00e1n az al\u00e1bbi id\u0151pontokban tartunk fogad\u00f3\u00f3r\u00e1kat. N\u00e9vsor Nap Kezdet V\u00e9ge Ab\u00e9rt-Tihanyi Andrea szerda 11:30 \u00a0&#8212;&#8211; 12:15 \u00c1goston Edit h\u00e9tf\u0151 8:40 \u00a0&#8212;&#8211; 9:25 Botos Andrea szerda 12:30 \u00a0&#8212;&#8211; 13:15 B\u00f6g\u00f6ti G\u00e1bor p\u00e9ntek 9:25 \u00a0&#8212;&#8211; 10:15 Csajk\u00e1s S\u00e1ndor kedd 12:00 \u00a0&#8212;&#8211; 13:00 Div\u00f3s-Bert\u00f3k Edina Kedd 9:35 \u00a0&#8212;&#8211; 10:20 Dr. Danka Lajos p\u00e9ntek 8:40 [&hellip;]<\/p>\n","protected":false},"author":1,"featured_media":0,"parent":0,"menu_order":0,"comment_status":"closed","ping_status":"closed","template":"","meta":{"_acf_changed":false,"_seopress_robots_primary_cat":"","_seopress_titles_title":"","_seopress_titles_desc":"","_seopress_robots_index":"","_et_pb_use_builder":"","_et_pb_old_content":"","_et_gb_content_width":"","footnotes":""},"class_list":["post-87","page","type-page","status-publish","hentry"],"acf":[],"_links":{"self":[{"href":"https:\/\/hermanszombathely.hu\/school\/wp-json\/wp\/v2\/pages\/87","targetHints":{"allow":["GET"]}}],"collection":[{"href":"https:\/\/hermanszombathely.hu\/school\/wp-json\/wp\/v2\/pages"}],"about":[{"href":"https:\/\/hermanszombathely.hu\/school\/wp-json\/wp\/v2\/types\/page"}],"author":[{"embeddable":true,"href":"https:\/\/hermanszombathely.hu\/school\/wp-json\/wp\/v2\/users\/1"}],"replies":[{"embeddable":true,"href":"https:\/\/hermanszombathely.hu\/school\/wp-json\/wp\/v2\/comments?post=87"}],"version-history":[{"count":11,"href":"https:\/\/hermanszombathely.hu\/school\/wp-json\/wp\/v2\/pages\/87\/revisions"}],"predecessor-version":[{"id":2364,"href":"https:\/\/hermanszombathely.hu\/school\/wp-json\/wp\/v2\/pages\/87\/revisions\/2364"}],"wp:attachment":[{"href":"https:\/\/hermanszombathely.hu\/school\/wp-json\/wp\/v2\/media?parent=87"}],"curies":[{"name":"wp","href":"https:\/\/api.w.org\/{rel}","templated":true}]}}