{"id":814,"date":"2021-06-15T09:29:50","date_gmt":"2021-06-15T09:29:50","guid":{"rendered":"https:\/\/hermanszombathely.hu\/school\/?page_id=814"},"modified":"2026-04-13T11:03:49","modified_gmt":"2026-04-13T11:03:49","slug":"allasajanlatok","status":"publish","type":"page","link":"https:\/\/hermanszombathely.hu\/school\/allasajanlatok\/","title":{"rendered":"\u00c1ll\u00e1saj\u00e1nlatok"},"content":{"rendered":"<h4 style=\"text-align: center; padding-left: 80px;\"><img loading=\"lazy\" decoding=\"async\" class=\"aligncenter wp-image-1278 size-full\" src=\"https:\/\/hermanszombathely.hu\/school\/wp-content\/uploads\/2022\/03\/dwzyon7x0aafxdg.jpg\" alt=\"\" width=\"700\" height=\"280\" srcset=\"https:\/\/hermanszombathely.hu\/school\/wp-content\/uploads\/2022\/03\/dwzyon7x0aafxdg.jpg 700w, https:\/\/hermanszombathely.hu\/school\/wp-content\/uploads\/2022\/03\/dwzyon7x0aafxdg-300x120.jpg 300w, https:\/\/hermanszombathely.hu\/school\/wp-content\/uploads\/2022\/03\/dwzyon7x0aafxdg-20x8.jpg 20w\" sizes=\"(max-width: 700px) 100vw, 700px\" \/><\/h4>\n<p>&nbsp;<\/p>\n\n\t\t<style type=\"text\/css\">\n\t\t\t#gallery-1 {\n\t\t\t\tmargin: auto;\n\t\t\t}\n\t\t\t#gallery-1 .gallery-item {\n\t\t\t\tfloat: left;\n\t\t\t\tmargin-top: 10px;\n\t\t\t\ttext-align: center;\n\t\t\t\twidth: 33%;\n\t\t\t}\n\t\t\t#gallery-1 img {\n\t\t\t\tborder: 2px solid #cfcfcf;\n\t\t\t}\n\t\t\t#gallery-1 .gallery-caption {\n\t\t\t\tmargin-left: 0;\n\t\t\t}\n\t\t\t\/* see gallery_shortcode() in wp-includes\/media.php *\/\n\t\t<\/style>\n\t\t<div id='gallery-1' class='gallery galleryid-814 gallery-columns-3 gallery-size-medium'><dl class='gallery-item'>\n\t\t\t<dt class='gallery-icon landscape'>\n\t\t\t\t<a href='https:\/\/hermanszombathely.hu\/school\/allasajanlatok\/portas0413\/'><img loading=\"lazy\" decoding=\"async\" width=\"300\" height=\"169\" src=\"https:\/\/hermanszombathely.hu\/school\/wp-content\/uploads\/2026\/04\/portas0413-300x169.jpg\" class=\"attachment-medium size-medium\" alt=\"\" srcset=\"https:\/\/hermanszombathely.hu\/school\/wp-content\/uploads\/2026\/04\/portas0413-300x169.jpg 300w, https:\/\/hermanszombathely.hu\/school\/wp-content\/uploads\/2026\/04\/portas0413-1024x576.jpg 1024w, https:\/\/hermanszombathely.hu\/school\/wp-content\/uploads\/2026\/04\/portas0413-768x432.jpg 768w, https:\/\/hermanszombathely.hu\/school\/wp-content\/uploads\/2026\/04\/portas0413-1536x864.jpg 1536w, https:\/\/hermanszombathely.hu\/school\/wp-content\/uploads\/2026\/04\/portas0413-1080x608.jpg 1080w, https:\/\/hermanszombathely.hu\/school\/wp-content\/uploads\/2026\/04\/portas0413.jpg 1920w\" sizes=\"(max-width: 300px) 100vw, 300px\" \/><\/a>\n\t\t\t<\/dt><\/dl><dl class='gallery-item'>\n\t\t\t<dt class='gallery-icon landscape'>\n\t\t\t\t<a href='https:\/\/hermanszombathely.hu\/school\/allasajanlatok\/kertesz0413\/'><img loading=\"lazy\" decoding=\"async\" width=\"300\" height=\"169\" src=\"https:\/\/hermanszombathely.hu\/school\/wp-content\/uploads\/2026\/04\/kertesz0413-300x169.jpg\" class=\"attachment-medium size-medium\" alt=\"\" srcset=\"https:\/\/hermanszombathely.hu\/school\/wp-content\/uploads\/2026\/04\/kertesz0413-300x169.jpg 300w, https:\/\/hermanszombathely.hu\/school\/wp-content\/uploads\/2026\/04\/kertesz0413-1024x576.jpg 1024w, https:\/\/hermanszombathely.hu\/school\/wp-content\/uploads\/2026\/04\/kertesz0413-768x432.jpg 768w, https:\/\/hermanszombathely.hu\/school\/wp-content\/uploads\/2026\/04\/kertesz0413-1536x864.jpg 1536w, https:\/\/hermanszombathely.hu\/school\/wp-content\/uploads\/2026\/04\/kertesz0413-1080x608.jpg 1080w, https:\/\/hermanszombathely.hu\/school\/wp-content\/uploads\/2026\/04\/kertesz0413.jpg 1920w\" sizes=\"(max-width: 300px) 100vw, 300px\" \/><\/a>\n\t\t\t<\/dt><\/dl>\n\t\t\t<br style='clear: both' \/>\n\t\t<\/div>\n\n","protected":false},"excerpt":{"rendered":"<p>&nbsp;<\/p>\n","protected":false},"author":1,"featured_media":1278,"parent":0,"menu_order":0,"comment_status":"closed","ping_status":"closed","template":"","meta":{"_acf_changed":false,"_seopress_robots_primary_cat":"","_seopress_titles_title":"","_seopress_titles_desc":"","_seopress_robots_index":"","_et_pb_use_builder":"","_et_pb_old_content":"","_et_gb_content_width":"","footnotes":""},"class_list":["post-814","page","type-page","status-publish","has-post-thumbnail","hentry"],"acf":[],"_links":{"self":[{"href":"https:\/\/hermanszombathely.hu\/school\/wp-json\/wp\/v2\/pages\/814","targetHints":{"allow":["GET"]}}],"collection":[{"href":"https:\/\/hermanszombathely.hu\/school\/wp-json\/wp\/v2\/pages"}],"about":[{"href":"https:\/\/hermanszombathely.hu\/school\/wp-json\/wp\/v2\/types\/page"}],"author":[{"embeddable":true,"href":"https:\/\/hermanszombathely.hu\/school\/wp-json\/wp\/v2\/users\/1"}],"replies":[{"embeddable":true,"href":"https:\/\/hermanszombathely.hu\/school\/wp-json\/wp\/v2\/comments?post=814"}],"version-history":[{"count":52,"href":"https:\/\/hermanszombathely.hu\/school\/wp-json\/wp\/v2\/pages\/814\/revisions"}],"predecessor-version":[{"id":3188,"href":"https:\/\/hermanszombathely.hu\/school\/wp-json\/wp\/v2\/pages\/814\/revisions\/3188"}],"wp:featuredmedia":[{"embeddable":true,"href":"https:\/\/hermanszombathely.hu\/school\/wp-json\/wp\/v2\/media\/1278"}],"wp:attachment":[{"href":"https:\/\/hermanszombathely.hu\/school\/wp-json\/wp\/v2\/media?parent=814"}],"curies":[{"name":"wp","href":"https:\/\/api.w.org\/{rel}","templated":true}]}}