{"id":656,"date":"2021-04-19T10:54:24","date_gmt":"2021-04-19T10:54:24","guid":{"rendered":"https:\/\/hermanszombathely.hu\/school\/?page_id=656"},"modified":"2026-01-07T09:48:12","modified_gmt":"2026-01-07T09:48:12","slug":"sportedzo","status":"publish","type":"page","link":"https:\/\/hermanszombathely.hu\/school\/sportedzo\/","title":{"rendered":"Sportedz\u0151"},"content":{"rendered":"<p><img loading=\"lazy\" decoding=\"async\" class=\"alignnone size-full wp-image-1033\" src=\"https:\/\/hermanszombathely.hu\/school\/wp-content\/uploads\/2021\/10\/0-5-scaled.jpg\" alt=\"\" width=\"1810\" height=\"2560\" srcset=\"https:\/\/hermanszombathely.hu\/school\/wp-content\/uploads\/2021\/10\/0-5-scaled.jpg 1810w, https:\/\/hermanszombathely.hu\/school\/wp-content\/uploads\/2021\/10\/0-5-scaled-212x300.jpg 212w, https:\/\/hermanszombathely.hu\/school\/wp-content\/uploads\/2021\/10\/0-5-scaled-724x1024.jpg 724w, https:\/\/hermanszombathely.hu\/school\/wp-content\/uploads\/2021\/10\/0-5-scaled-768x1086.jpg 768w, https:\/\/hermanszombathely.hu\/school\/wp-content\/uploads\/2021\/10\/0-5-scaled-1086x1536.jpg 1086w, https:\/\/hermanszombathely.hu\/school\/wp-content\/uploads\/2021\/10\/0-5-scaled-1448x2048.jpg 1448w, https:\/\/hermanszombathely.hu\/school\/wp-content\/uploads\/2021\/10\/0-5-scaled-1080x1528.jpg 1080w, https:\/\/hermanszombathely.hu\/school\/wp-content\/uploads\/2021\/10\/0-5-scaled-14x20.jpg 14w\" sizes=\"(max-width: 1810px) 100vw, 1810px\" \/><\/p>\n<h3 style=\"text-align: center;\"><b>A 2026\/2027-os tan\u00e9vre hozz\u00e1nk jelentkez\u0151 sportedz\u0151 (a sport\u00e1g megjel\u00f6l\u00e9s\u00e9vel) -sportszervez\u0151 <\/b><b>p\u00e1lyaalkalmass\u00e1gi k\u00f6vetelm\u00e9nyei az al\u00e1bbi linken let\u00f6lthet\u0151\u00a0<\/b><\/h3>\n<h3 style=\"text-align: center;\"><a href=\"https:\/\/hermanszombathely.hu\/school\/wp-content\/uploads\/2023\/10\/Az-alkalmassagi-vizsga-feladatai-herman.pdf\" target=\"_blank\" rel=\"noopener\">&gt;&gt;&gt;Let\u00f6lt\u00e9s&lt;&lt;&lt;<\/a><\/h3>\n<h4 style=\"text-align: center;\"><span data-olk-copy-source=\"MessageBody\">P\u00e1lyaalkalmass\u00e1gi felm\u00e9r\u00e9s id\u0151pontja: 2026. m\u00e1rcius 10., kedd<\/span><\/h4>\n","protected":false},"excerpt":{"rendered":"<p>A 2026\/2027-os tan\u00e9vre hozz\u00e1nk jelentkez\u0151 sportedz\u0151 (a sport\u00e1g megjel\u00f6l\u00e9s\u00e9vel) -sportszervez\u0151 p\u00e1lyaalkalmass\u00e1gi k\u00f6vetelm\u00e9nyei az al\u00e1bbi linken let\u00f6lthet\u0151\u00a0 &gt;&gt;&gt;Let\u00f6lt\u00e9s&lt;&lt;&lt; P\u00e1lyaalkalmass\u00e1gi felm\u00e9r\u00e9s id\u0151pontja: 2026. m\u00e1rcius 10., kedd<\/p>\n","protected":false},"author":1,"featured_media":0,"parent":0,"menu_order":0,"comment_status":"closed","ping_status":"closed","template":"","meta":{"_acf_changed":false,"_seopress_robots_primary_cat":"","_seopress_titles_title":"","_seopress_titles_desc":"","_seopress_robots_index":"","_et_pb_use_builder":"","_et_pb_old_content":"","_et_gb_content_width":"","footnotes":""},"class_list":["post-656","page","type-page","status-publish","hentry"],"acf":[],"_links":{"self":[{"href":"https:\/\/hermanszombathely.hu\/school\/wp-json\/wp\/v2\/pages\/656","targetHints":{"allow":["GET"]}}],"collection":[{"href":"https:\/\/hermanszombathely.hu\/school\/wp-json\/wp\/v2\/pages"}],"about":[{"href":"https:\/\/hermanszombathely.hu\/school\/wp-json\/wp\/v2\/types\/page"}],"author":[{"embeddable":true,"href":"https:\/\/hermanszombathely.hu\/school\/wp-json\/wp\/v2\/users\/1"}],"replies":[{"embeddable":true,"href":"https:\/\/hermanszombathely.hu\/school\/wp-json\/wp\/v2\/comments?post=656"}],"version-history":[{"count":8,"href":"https:\/\/hermanszombathely.hu\/school\/wp-json\/wp\/v2\/pages\/656\/revisions"}],"predecessor-version":[{"id":3118,"href":"https:\/\/hermanszombathely.hu\/school\/wp-json\/wp\/v2\/pages\/656\/revisions\/3118"}],"wp:attachment":[{"href":"https:\/\/hermanszombathely.hu\/school\/wp-json\/wp\/v2\/media?parent=656"}],"curies":[{"name":"wp","href":"https:\/\/api.w.org\/{rel}","templated":true}]}}