{"id":523,"date":"2021-04-19T06:11:55","date_gmt":"2021-04-19T06:11:55","guid":{"rendered":"https:\/\/hermanszombathely.hu\/school\/?page_id=523"},"modified":"2025-11-19T13:02:47","modified_gmt":"2025-11-19T13:02:47","slug":"szakmai-program","status":"publish","type":"page","link":"https:\/\/hermanszombathely.hu\/school\/szakmai-program\/","title":{"rendered":"Szakmai program"},"content":{"rendered":"<h2 style=\"text-align: center;\"><a href=\"https:\/\/hermanszombathely.hu\/school\/wp-content\/uploads\/2025\/11\/Szakmai-program.pdf\" target=\"_blank\" rel=\"noopener\">PDF let\u00f6lt\u00e9se<\/a><\/h2>\n<a href=\"https:\/\/hermanszombathely.hu\/school\/wp-content\/uploads\/2025\/11\/Szakmai-program.pdf\" class=\"pdfemb-viewer\" style=\"\" data-width=\"max\" data-height=\"max\" data-toolbar=\"bottom\" data-toolbar-fixed=\"off\">Szakmai program<\/a>\n<h2 style=\"text-align: center;\"><a href=\"https:\/\/hermanszombathely.hu\/school\/wp-content\/uploads\/2025\/11\/Szakmai-program.pdf\" target=\"_blank\" rel=\"noopener\">PDF let\u00f6lt\u00e9se<\/a><\/h2>\n","protected":false},"excerpt":{"rendered":"<p>PDF let\u00f6lt\u00e9se PDF let\u00f6lt\u00e9se<\/p>\n","protected":false},"author":1,"featured_media":0,"parent":0,"menu_order":0,"comment_status":"closed","ping_status":"closed","template":"","meta":{"_acf_changed":false,"_seopress_robots_primary_cat":"","_seopress_titles_title":"","_seopress_titles_desc":"","_seopress_robots_index":"","_et_pb_use_builder":"","_et_pb_old_content":"","_et_gb_content_width":"","footnotes":""},"class_list":["post-523","page","type-page","status-publish","hentry"],"acf":[],"_links":{"self":[{"href":"https:\/\/hermanszombathely.hu\/school\/wp-json\/wp\/v2\/pages\/523","targetHints":{"allow":["GET"]}}],"collection":[{"href":"https:\/\/hermanszombathely.hu\/school\/wp-json\/wp\/v2\/pages"}],"about":[{"href":"https:\/\/hermanszombathely.hu\/school\/wp-json\/wp\/v2\/types\/page"}],"author":[{"embeddable":true,"href":"https:\/\/hermanszombathely.hu\/school\/wp-json\/wp\/v2\/users\/1"}],"replies":[{"embeddable":true,"href":"https:\/\/hermanszombathely.hu\/school\/wp-json\/wp\/v2\/comments?post=523"}],"version-history":[{"count":8,"href":"https:\/\/hermanszombathely.hu\/school\/wp-json\/wp\/v2\/pages\/523\/revisions"}],"predecessor-version":[{"id":3041,"href":"https:\/\/hermanszombathely.hu\/school\/wp-json\/wp\/v2\/pages\/523\/revisions\/3041"}],"wp:attachment":[{"href":"https:\/\/hermanszombathely.hu\/school\/wp-json\/wp\/v2\/media?parent=523"}],"curies":[{"name":"wp","href":"https:\/\/api.w.org\/{rel}","templated":true}]}}