{"id":520,"date":"2021-04-19T06:11:05","date_gmt":"2021-04-19T06:11:05","guid":{"rendered":"https:\/\/hermanszombathely.hu\/school\/?page_id=520"},"modified":"2023-12-14T12:52:22","modified_gmt":"2023-12-14T12:52:22","slug":"munkaterv-2020-2021","status":"publish","type":"page","link":"https:\/\/hermanszombathely.hu\/school\/munkaterv-2020-2021\/","title":{"rendered":"Munkaterv"},"content":{"rendered":"<h2 style=\"text-align: center;\"><a href=\"https:\/\/hermanszombathely.hu\/school\/wp-content\/uploads\/2023\/12\/kaszc-herman-munkaterv-2023-2024.pdf\" target=\"_blank\" rel=\"noopener\">PDF Let\u00f6lt\u00e9s<\/a><\/h2>\n<a href=\"https:\/\/hermanszombathely.hu\/school\/wp-content\/uploads\/2023\/12\/kaszc-herman-munkaterv-2023-2024.pdf\" class=\"pdfemb-viewer\" style=\"\" data-width=\"max\" data-height=\"max\" data-toolbar=\"bottom\" data-toolbar-fixed=\"off\">kaszc-herman -munkaterv 2023-2024<\/a>\n<h2 style=\"text-align: center;\"><a href=\"https:\/\/hermanszombathely.hu\/school\/wp-content\/uploads\/2023\/12\/kaszc-herman-munkaterv-2023-2024.pdf\" target=\"_blank\" rel=\"noopener\">PDF Let\u00f6lt\u00e9s<\/a><\/h2>\n","protected":false},"excerpt":{"rendered":"<p>PDF Let\u00f6lt\u00e9s PDF Let\u00f6lt\u00e9s<\/p>\n","protected":false},"author":1,"featured_media":0,"parent":0,"menu_order":0,"comment_status":"closed","ping_status":"closed","template":"","meta":{"_acf_changed":false,"_seopress_robots_primary_cat":"","_seopress_titles_title":"","_seopress_titles_desc":"","_seopress_robots_index":"","_et_pb_use_builder":"","_et_pb_old_content":"","_et_gb_content_width":"","footnotes":""},"class_list":["post-520","page","type-page","status-publish","hentry"],"acf":[],"_links":{"self":[{"href":"https:\/\/hermanszombathely.hu\/school\/wp-json\/wp\/v2\/pages\/520","targetHints":{"allow":["GET"]}}],"collection":[{"href":"https:\/\/hermanszombathely.hu\/school\/wp-json\/wp\/v2\/pages"}],"about":[{"href":"https:\/\/hermanszombathely.hu\/school\/wp-json\/wp\/v2\/types\/page"}],"author":[{"embeddable":true,"href":"https:\/\/hermanszombathely.hu\/school\/wp-json\/wp\/v2\/users\/1"}],"replies":[{"embeddable":true,"href":"https:\/\/hermanszombathely.hu\/school\/wp-json\/wp\/v2\/comments?post=520"}],"version-history":[{"count":4,"href":"https:\/\/hermanszombathely.hu\/school\/wp-json\/wp\/v2\/pages\/520\/revisions"}],"predecessor-version":[{"id":2218,"href":"https:\/\/hermanszombathely.hu\/school\/wp-json\/wp\/v2\/pages\/520\/revisions\/2218"}],"wp:attachment":[{"href":"https:\/\/hermanszombathely.hu\/school\/wp-json\/wp\/v2\/media?parent=520"}],"curies":[{"name":"wp","href":"https:\/\/api.w.org\/{rel}","templated":true}]}}