{"id":46,"date":"2021-04-08T08:25:32","date_gmt":"2021-04-08T08:25:32","guid":{"rendered":"https:\/\/hermanszombathely.hu\/school\/?page_id=46"},"modified":"2021-04-09T06:33:05","modified_gmt":"2021-04-09T06:33:05","slug":"nevadonkrol","status":"publish","type":"page","link":"https:\/\/hermanszombathely.hu\/school\/nevadonkrol\/","title":{"rendered":"N\u00e9vad\u00f3nkr\u00f3l"},"content":{"rendered":"<p>Herman Ott\u00f3t sokan az utols\u00f3 &#8222;magyar polihisztor&#8221;-nak tartj\u00e1k, aki minden k\u00e9pes\u00edt\u00e9s n\u00e9lk\u00fcl &#8222;a f\u00f6ld\u00f6n fut\u00f3 kacag\u00f3 semmi&#8221;-b\u0151l saj\u00e1t erej\u00e9b\u0151l k\u00fczd\u00f6tte fel mag\u00e1t orsz\u00e1gosan elismert term\u00e9szettud\u00f3ss\u00e1 \u00e9s politikuss\u00e1.<\/p>\n<p>1835.j\u00fanius 26-\u00e1n a Z\u00f3lyom megyei Brezn\u00f3b\u00e1ny\u00e1n sz\u00fcletett egy szepesi sz\u00e1sz csal\u00e1d egyetlen fiak\u00e9nt. A n\u00e9met kirurgus fi\u00e1b\u00f3l k\u00e9s\u0151bb igazi magyar hazafi lett: 1848-ban alig 13 \u00e9vesen jelentkezett a szabads\u00e1gharc hadsereg\u00e9be \u00e1gy\u00fatisztogat\u00f3nak, de hazak\u00fcldt\u00e9k. \u00d6nk\u00e9nyes &#8222;n\u00e9vmagyaros\u00edt\u00e1s\u00e1val&#8221; (Herrmannb\u00f3l Herman) is a magyars\u00e1ghoz val\u00f3 m\u00e9ly ragaszkod\u00e1s\u00e1t fejezte ki.<\/p>\n\n\t\t<style type=\"text\/css\">\n\t\t\t#gallery-1 {\n\t\t\t\tmargin: auto;\n\t\t\t}\n\t\t\t#gallery-1 .gallery-item {\n\t\t\t\tfloat: left;\n\t\t\t\tmargin-top: 10px;\n\t\t\t\ttext-align: center;\n\t\t\t\twidth: 33%;\n\t\t\t}\n\t\t\t#gallery-1 img {\n\t\t\t\tborder: 2px solid #cfcfcf;\n\t\t\t}\n\t\t\t#gallery-1 .gallery-caption {\n\t\t\t\tmargin-left: 0;\n\t\t\t}\n\t\t\t\/* see gallery_shortcode() in wp-includes\/media.php *\/\n\t\t<\/style>\n\t\t<div id='gallery-1' class='gallery galleryid-46 gallery-columns-3 gallery-size-thumbnail'><dl class='gallery-item'>\n\t\t\t<dt class='gallery-icon portrait'>\n\t\t\t\t<a href='https:\/\/hermanszombathely.hu\/school\/nevadonkrol\/20120913105147-e2fd5384-204x300\/'><img loading=\"lazy\" decoding=\"async\" width=\"150\" height=\"150\" src=\"https:\/\/hermanszombathely.hu\/school\/wp-content\/uploads\/2021\/04\/20120913105147-e2fd5384-204x300-1-150x150.jpg\" class=\"attachment-thumbnail size-thumbnail\" alt=\"\" \/><\/a>\n\t\t\t<\/dt><\/dl><dl class='gallery-item'>\n\t\t\t<dt class='gallery-icon portrait'>\n\t\t\t\t<a href='https:\/\/hermanszombathely.hu\/school\/nevadonkrol\/20120913105154-50ebc19f\/'><img loading=\"lazy\" decoding=\"async\" width=\"150\" height=\"150\" src=\"https:\/\/hermanszombathely.hu\/school\/wp-content\/uploads\/2021\/04\/20120913105154-50ebc19f-150x150.jpg\" class=\"attachment-thumbnail size-thumbnail\" alt=\"\" \/><\/a>\n\t\t\t<\/dt><\/dl><dl class='gallery-item'>\n\t\t\t<dt class='gallery-icon portrait'>\n\t\t\t\t<a href='https:\/\/hermanszombathely.hu\/school\/nevadonkrol\/20120913105150-064311ac\/'><img loading=\"lazy\" decoding=\"async\" width=\"150\" height=\"150\" src=\"https:\/\/hermanszombathely.hu\/school\/wp-content\/uploads\/2021\/04\/20120913105150-064311ac-150x150.jpg\" class=\"attachment-thumbnail size-thumbnail\" alt=\"\" \/><\/a>\n\t\t\t<\/dt><\/dl><br style=\"clear: both\" \/>\n\t\t<\/div>\n\n<p>Fiatalkor\u00e1t Miskolcon, Koromp\u00e1n \u00e9s B\u00e9csben t\u00f6lt\u00f6tte, l\u00edceumi tanul\u00f3k\u00e9nt, illetve lakatostanonck\u00e9nt. A b\u00e9csi tart\u00f3zkod\u00e1s sor\u00e1n ker\u00fclt el\u0151sz\u00f6r kapcsolatba a tudom\u00e1ny vil\u00e1g\u00e1val: egy helyi term\u00e9szetb\u00fav\u00e1r rovartani \u00e9rtekez\u00e9seit illusztr\u00e1lta. Tev\u00e9kenys\u00e9g\u00e9t sajnos fel kellett f\u00fcggesztenie katonai soroz\u00e1sa miatt. Gyermekkori f\u00fclbaj\u00e1t szimul\u00e1l\u00e1snak nyilv\u00e1n\u00edtott\u00e1k \u00e9s b\u00fcntet\u00e9sb\u0151l 12 \u00e9v szolg\u00e1latra \u00edt\u00e9lt\u00e9k, melyb\u0151l 5 \u00e9vet t\u00f6lt\u00f6tt le. Leszerel\u00e9se ut\u00e1n megj\u00e1rta az osztr\u00e1k fennhat\u00f3s\u00e1g ellen harcol\u00f3 \u00c9szak-It\u00e1li\u00e1t (ahol kalapj\u00e1t k\u00e9tszer is \u00e1tl\u0151tt\u00e9k), Strasbourgot, s r\u00e9szt vett az 1863-as lengyel felkel\u00e9sben.<\/p>\n<p>Hazat\u00e9rve K\u0151szegen telepedett le, f\u00e9nyk\u00e9p\u00e9sz m\u0171termet vezetett. A v\u00e1llalkoz\u00e1s t\u00f6nkrement, de mad\u00e1rtani \u00e9rdekl\u0151d\u00e9se r\u00e9v\u00e9n megismerkedett Chernel K\u00e1lm\u00e1nnal, a halad\u00f3 gondolkod\u00e1s\u00fa helyi f\u00f6ldbirtokossal, amat\u0151r term\u00e9szetb\u00fav\u00e1rral, aki v\u00e9gre m\u00e9lt\u00e1nyolta Herman Ott\u00f3 \u00e1llattani ismereteit. Szoros bar\u00e1ts\u00e1g k\u00f6t\u0151d\u00f6tt k\u00f6zt\u00fck. Chernel aj\u00e1nl\u00e1s\u00e1ra ker\u00fclt Herman a kolozsv\u00e1ri m\u00fazeumba konzerv\u00e1tornak. Brassai S\u00e1muel, a m\u00fazeum igazgat\u00f3ja fedezte fel benne a zsenit, s az \u0151 k\u00f6lts\u00e9g\u00e9n kezdte Erd\u00e9ly \u00e1llat- \u00e9s n\u00f6v\u00e9nyvil\u00e1g\u00e1nak \u00f6sszegy\u0171jt\u00e9s\u00e9vel 50 \u00e9ves kutat\u00f3munk\u00e1j\u00e1t. (Kolozsv\u00e1ron \u00e9rte az els\u0151 igazi szerelem J\u00e1szai Mari, az akkor m\u00e9g fiatal, kezd\u0151 sz\u00edn\u00e9szn\u0151 szem\u00e9ly\u00e9ben.)<\/p>\n<p>1873-t\u00f3l Pesten dolgozott: a Term\u00e9szettudom\u00e1nyi T\u00e1rsulat megb\u00edz\u00e1s\u00e1b\u00f3l meg\u00edrta &#8222;Magyarorsz\u00e1g p\u00f3kfaun\u00e1ja&#8221; c\u00edm\u0171 h\u00e1romk\u00f6tetes munk\u00e1j\u00e1t, mellyel nemzetk\u00f6zi h\u00edrnevet szerzett mag\u00e1nak. Bekapcsol\u00f3dott az orsz\u00e1gos politik\u00e1ba is. 1879-ben Kossuth aj\u00e1nl\u00e1s\u00e1ra a F\u00fcggetlens\u00e9gi P\u00e1rt jel\u00f6ltjek\u00e9nt orsz\u00e1ggy\u0171l\u00e9si k\u00e9pvisel\u0151v\u00e9 v\u00e1lasztott\u00e1k. T\u00f6rv\u00e9nyhoz\u00f3i tev\u00e9kenys\u00e9g\u00e9hez tartozik pl. a hal\u00e1szati t\u00f6rv\u00e9ny kodifik\u00e1l\u00e1sa, melyhez Herman tal\u00e1n legnagyobb hat\u00e1s\u00fa m\u0171ve, &#8222;A magyar hal\u00e1szat k\u00f6nyve&#8221; (1877) adta a term\u00e9szettudom\u00e1nyos alapot.<\/p>\n<p>Az 1890-es \u00e9vekben \u00e9rdekl\u0151d\u00e9se mindink\u00e1bb a mad\u00e1rtan fele ir\u00e1nyult. 1891-ben mag\u00e1ra v\u00e1llalta a II. Nemzetk\u00f6zi Ornithol\u00f3giai Kongresszus budapesti megszervez\u00e9s\u00e9t, 1894-ben megalap\u00edtotta a Magyar Ornithol\u00f3giai K\u00f6zpontot, s az Aquila c\u00edm\u0171 magyar-n\u00e9met nyelv\u0171 mad\u00e1rtani foly\u00f3iratot. A madarak tanulm\u00e1nyoz\u00e1s\u00e1ban fiatal, lelkes seg\u00edt\u0151t\u00e1rsa is akadt: egykori j\u00f3akar\u00f3j\u00e1nak fia, Chernel Istv\u00e1n.<\/p>\n<p>Herman Ott\u00f3 zsenialit\u00e1s\u00e1nak k\u00f6sz\u00f6nhetj\u00fck a magyar \u0151semberkutat\u00e1s megsz\u00fclet\u00e9s\u00e9t: egy, a B\u00fckkben kez\u00e9be ker\u00fclt szak\u00f3c\u00e1nak felismerte paleolit jelleg\u00e9t. \u00c9lete utols\u00f3 \u00e9veiben a magyarok \u0151sfoglalkoz\u00e1s\u00e1nak, a p\u00e1sztorkod\u00e1snak szentelte figyelm\u00e9t.<\/p>\n\n\t\t<style type=\"text\/css\">\n\t\t\t#gallery-2 {\n\t\t\t\tmargin: auto;\n\t\t\t}\n\t\t\t#gallery-2 .gallery-item {\n\t\t\t\tfloat: left;\n\t\t\t\tmargin-top: 10px;\n\t\t\t\ttext-align: center;\n\t\t\t\twidth: 33%;\n\t\t\t}\n\t\t\t#gallery-2 img {\n\t\t\t\tborder: 2px solid #cfcfcf;\n\t\t\t}\n\t\t\t#gallery-2 .gallery-caption {\n\t\t\t\tmargin-left: 0;\n\t\t\t}\n\t\t\t\/* see gallery_shortcode() in wp-includes\/media.php *\/\n\t\t<\/style>\n\t\t<div id='gallery-2' class='gallery galleryid-46 gallery-columns-3 gallery-size-thumbnail'><dl class='gallery-item'>\n\t\t\t<dt class='gallery-icon portrait'>\n\t\t\t\t<a href='https:\/\/hermanszombathely.hu\/school\/nevadonkrol\/20120913105149-634df70d-192x300\/'><img loading=\"lazy\" decoding=\"async\" width=\"150\" height=\"150\" src=\"https:\/\/hermanszombathely.hu\/school\/wp-content\/uploads\/2021\/04\/20120913105149-634df70d-192x300-1-150x150.jpg\" class=\"attachment-thumbnail size-thumbnail\" alt=\"\" \/><\/a>\n\t\t\t<\/dt><\/dl><dl class='gallery-item'>\n\t\t\t<dt class='gallery-icon portrait'>\n\t\t\t\t<a href='https:\/\/hermanszombathely.hu\/school\/nevadonkrol\/20120913105143-a750da16-209x300\/'><img loading=\"lazy\" decoding=\"async\" width=\"150\" height=\"150\" src=\"https:\/\/hermanszombathely.hu\/school\/wp-content\/uploads\/2021\/04\/20120913105143-a750da16-209x300-1-150x150.jpg\" class=\"attachment-thumbnail size-thumbnail\" alt=\"\" \/><\/a>\n\t\t\t<\/dt><\/dl><dl class='gallery-item'>\n\t\t\t<dt class='gallery-icon portrait'>\n\t\t\t\t<a href='https:\/\/hermanszombathely.hu\/school\/nevadonkrol\/20120913105154-fdb4deaf-205x300\/'><img loading=\"lazy\" decoding=\"async\" width=\"150\" height=\"150\" src=\"https:\/\/hermanszombathely.hu\/school\/wp-content\/uploads\/2021\/04\/20120913105154-fdb4deaf-205x300-1-150x150.jpg\" class=\"attachment-thumbnail size-thumbnail\" alt=\"\" \/><\/a>\n\t\t\t<\/dt><\/dl><br style=\"clear: both\" \/>\n\t\t<\/div>\n\n<p>M\u0171veit ut\u00e1nozhatatlan eredetis\u00e9g, \u00e9les megfigyel\u0151tehets\u00e9g, magyaros zamat, egy\u00e9ni gondolkod\u00e1s, elragad\u00f3, m\u0171v\u00e9szi st\u00edlus jellemezte. Sz\u00e1mos kisebb dolgozata ker\u00fclt \u00e1t iskolai olvas\u00f3k\u00f6nyvekbe \u00e9s stilisztik\u00e1kba, t\u00f6bb k\u00f6nyve pedig angol \u00e9s n\u00e9met ford\u00edt\u00e1sban k\u00fclf\u00f6ld\u00f6n is sz\u00e9les k\u00f6z\u00f6ns\u00e9get h\u00f3d\u00edtott meg. A sors G\u00f6rgey\u00e9hez \u00e9s J\u00f3kai\u00e9hoz hasonl\u00f3 matuzs\u00e1lemi \u00e9letkorral aj\u00e1nd\u00e9kozta meg, term\u00e9keny \u00e9let\u00e9nek 1914. december 27-\u00e9n egy baleset vetett v\u00e9get. V\u00e9gakarata szerint Borsod megy\u00e9ben, a h\u00e1mori temet\u0151ben nyugszik &#8222;a magyar g\u00e9niusz egyik vulk\u00e1nja, mely nem perzsel\u0151 l\u00e1v\u00e1t, hanem a halad\u00e1s t\u00fcz\u00e9t l\u00f6vellte mag\u00e1b\u00f3l&#8221;.<\/p>\n<p>Dr. T\u00f3th J\u00f3zsef \u2013 Kukor Ferenc<\/p>\n<p>&nbsp;<\/p>\n","protected":false},"excerpt":{"rendered":"<p>Herman Ott\u00f3t sokan az utols\u00f3 &#8222;magyar polihisztor&#8221;-nak tartj\u00e1k, aki minden k\u00e9pes\u00edt\u00e9s n\u00e9lk\u00fcl &#8222;a f\u00f6ld\u00f6n fut\u00f3 kacag\u00f3 semmi&#8221;-b\u0151l saj\u00e1t erej\u00e9b\u0151l k\u00fczd\u00f6tte fel mag\u00e1t orsz\u00e1gosan elismert term\u00e9szettud\u00f3ss\u00e1 \u00e9s politikuss\u00e1. 1835.j\u00fanius 26-\u00e1n a Z\u00f3lyom megyei Brezn\u00f3b\u00e1ny\u00e1n sz\u00fcletett egy szepesi sz\u00e1sz csal\u00e1d egyetlen fiak\u00e9nt. A n\u00e9met kirurgus fi\u00e1b\u00f3l k\u00e9s\u0151bb igazi magyar hazafi lett: 1848-ban alig 13 \u00e9vesen jelentkezett a [&hellip;]<\/p>\n","protected":false},"author":1,"featured_media":0,"parent":0,"menu_order":0,"comment_status":"closed","ping_status":"closed","template":"","meta":{"_acf_changed":false,"_seopress_robots_primary_cat":"","_seopress_titles_title":"","_seopress_titles_desc":"","_seopress_robots_index":"","_et_pb_use_builder":"","_et_pb_old_content":"","_et_gb_content_width":"","footnotes":""},"class_list":["post-46","page","type-page","status-publish","hentry"],"acf":[],"_links":{"self":[{"href":"https:\/\/hermanszombathely.hu\/school\/wp-json\/wp\/v2\/pages\/46","targetHints":{"allow":["GET"]}}],"collection":[{"href":"https:\/\/hermanszombathely.hu\/school\/wp-json\/wp\/v2\/pages"}],"about":[{"href":"https:\/\/hermanszombathely.hu\/school\/wp-json\/wp\/v2\/types\/page"}],"author":[{"embeddable":true,"href":"https:\/\/hermanszombathely.hu\/school\/wp-json\/wp\/v2\/users\/1"}],"replies":[{"embeddable":true,"href":"https:\/\/hermanszombathely.hu\/school\/wp-json\/wp\/v2\/comments?post=46"}],"version-history":[{"count":3,"href":"https:\/\/hermanszombathely.hu\/school\/wp-json\/wp\/v2\/pages\/46\/revisions"}],"predecessor-version":[{"id":81,"href":"https:\/\/hermanszombathely.hu\/school\/wp-json\/wp\/v2\/pages\/46\/revisions\/81"}],"wp:attachment":[{"href":"https:\/\/hermanszombathely.hu\/school\/wp-json\/wp\/v2\/media?parent=46"}],"curies":[{"name":"wp","href":"https:\/\/api.w.org\/{rel}","templated":true}]}}