{"id":2483,"date":"2024-06-25T07:57:57","date_gmt":"2024-06-25T07:57:57","guid":{"rendered":"https:\/\/hermanszombathely.hu\/school\/?page_id=2483"},"modified":"2024-07-15T05:26:35","modified_gmt":"2024-07-15T05:26:35","slug":"javitovizsga-2024","status":"publish","type":"page","link":"https:\/\/hermanszombathely.hu\/school\/javitovizsga-2024\/","title":{"rendered":"Jav\u00edt\u00f3vizsga 2024"},"content":{"rendered":"<p><img loading=\"lazy\" decoding=\"async\" class=\"alignnone size-full wp-image-2486 aligncenter\" src=\"https:\/\/hermanszombathely.hu\/school\/wp-content\/uploads\/2024\/06\/felveteli-1.jpg\" alt=\"\" width=\"626\" height=\"372\" srcset=\"https:\/\/hermanszombathely.hu\/school\/wp-content\/uploads\/2024\/06\/felveteli-1.jpg 626w, https:\/\/hermanszombathely.hu\/school\/wp-content\/uploads\/2024\/06\/felveteli-1-300x178.jpg 300w\" sizes=\"(max-width: 626px) 100vw, 626px\" \/><\/p>\n<p>T\u00f6rt\u00e9nelem: <a href=\"https:\/\/hermanszombathely.hu\/school\/wp-content\/uploads\/2024\/06\/felveteli-1.jpg\" target=\"_blank\" rel=\"noopener\">10KT<\/a><\/p>\n<p>N\u00e9met: <a href=\"https:\/\/hermanszombathely.hu\/school\/wp-content\/uploads\/2024\/06\/felveteli-1.jpg\" target=\"_blank\" rel=\"noopener\">9ET<\/a><\/p>\n<p>Angol: <a href=\"https:\/\/hermanszombathely.hu\/school\/wp-content\/uploads\/2024\/06\/Javito-vizsga-9.KT-2024.08.27.-angol.pdf\" target=\"_blank\" rel=\"noopener\">9KT<\/a> \/ <a href=\"https:\/\/hermanszombathely.hu\/school\/wp-content\/uploads\/2024\/06\/Javito-vizsga-12.KT-2024.08.27.-angol.pdf\" target=\"_blank\" rel=\"noopener\">12KT\u00a0<\/a><\/p>\n<p>Matematika: <a href=\"https:\/\/hermanszombathely.hu\/school\/wp-content\/uploads\/2024\/06\/JAVITO_vizsga_9._evfolyam_temakorei_matemetika.pdf\" target=\"_blank\" rel=\"noopener\">9.\u00e9vfolyam<\/a> \/ <a href=\"https:\/\/hermanszombathely.hu\/school\/wp-content\/uploads\/2024\/06\/JAVITO_vizsga_10._evfolyam_temakorei-matematika.pdf\" target=\"_blank\" rel=\"noopener\">10.\u00e9vfolyam<\/a> \/<a href=\"https:\/\/hermanszombathely.hu\/school\/wp-content\/uploads\/2024\/06\/JAVITO_vizsga_11._evfolyam_temakoreimatematika.pdf\" target=\"_blank\" rel=\"noopener\"> 11.\u00e9vfolyam<\/a> \/ <a href=\"https:\/\/hermanszombathely.hu\/school\/wp-content\/uploads\/2024\/06\/JAVITO_vizsga_12._evfolyam_temakorei-matematika.pdf\" target=\"_blank\" rel=\"noopener\">12.\u00e9vfolyam<\/a><\/p>\n<p>Magyar nyelv: <a href=\"https:\/\/hermanszombathely.hu\/school\/wp-content\/uploads\/2024\/07\/9.-osztaly-magyar-nyelv.pdf\" target=\"_blank\" rel=\"noopener\">9.\u00e9vfolyam<\/a><\/p>\n<p>Irodalom: <a href=\"https:\/\/hermanszombathely.hu\/school\/wp-content\/uploads\/2024\/07\/10.-osztaly-irodalom-1.pdf\" target=\"_blank\" rel=\"noopener\">10.\u00e9vfolyam<\/a> \/ <a href=\"https:\/\/hermanszombathely.hu\/school\/wp-content\/uploads\/2024\/07\/12.-osztaly-irodalom.pdf\" target=\"_blank\" rel=\"noopener\">12.\u00e9vfolyam<\/a><\/p>\n<p>Testnevel\u00e9s: <a href=\"https:\/\/hermanszombathely.hu\/school\/wp-content\/uploads\/2024\/07\/Testneveles-9.pdf\" target=\"_blank\" rel=\"noopener\">9.\u00e9vfolyam<\/a><\/p>\n<p>Komplex term\u00e9szettudom\u00e1ny: <a href=\"https:\/\/hermanszombathely.hu\/school\/wp-content\/uploads\/2024\/07\/Javitovizsga-tetelsor-Komplex-foldrajz.pdf\" target=\"_blank\" rel=\"noopener\">f\u00f6ldrajz<\/a> \/ <a href=\"https:\/\/hermanszombathely.hu\/school\/wp-content\/uploads\/2024\/07\/Javitovizsga-komplex.-Herman-fizika.pdf\" target=\"_blank\" rel=\"noopener\">fizika<\/a> \/ <a href=\"https:\/\/hermanszombathely.hu\/school\/wp-content\/uploads\/2024\/07\/Javitovizsga-tetelsor-kemia.pdf\" target=\"_blank\" rel=\"noopener\">k\u00e9mia<\/a><\/p>\n<p>Edz\u00e9selmel\u00e9t: <a href=\"https:\/\/hermanszombathely.hu\/school\/wp-content\/uploads\/2024\/07\/JAVITOVIZSGA-9.ST-edzeselmelet.pdf\" target=\"_blank\" rel=\"noopener\">9.\u00e9vfolyam<\/a> \/<\/p>\n<p>Digit\u00e1lis kult\u00fara: <a href=\"https:\/\/hermanszombathely.hu\/school\/wp-content\/uploads\/2024\/07\/JAVITOVIZSGA-TEMAKOROKdigitalis.pdf\" target=\"_blank\" rel=\"noopener\">9.\u00e9vfolyam<\/a> \/<\/p>\n","protected":false},"excerpt":{"rendered":"<p>T\u00f6rt\u00e9nelem: 10KT N\u00e9met: 9ET Angol: 9KT \/ 12KT\u00a0 Matematika: 9.\u00e9vfolyam \/ 10.\u00e9vfolyam \/ 11.\u00e9vfolyam \/ 12.\u00e9vfolyam Magyar nyelv: 9.\u00e9vfolyam Irodalom: 10.\u00e9vfolyam \/ 12.\u00e9vfolyam Testnevel\u00e9s: 9.\u00e9vfolyam Komplex term\u00e9szettudom\u00e1ny: f\u00f6ldrajz \/ fizika \/ k\u00e9mia Edz\u00e9selmel\u00e9t: 9.\u00e9vfolyam \/ Digit\u00e1lis kult\u00fara: 9.\u00e9vfolyam \/<\/p>\n","protected":false},"author":1,"featured_media":2486,"parent":0,"menu_order":0,"comment_status":"closed","ping_status":"closed","template":"","meta":{"_acf_changed":false,"_seopress_robots_primary_cat":"","_seopress_titles_title":"","_seopress_titles_desc":"","_seopress_robots_index":"","_et_pb_use_builder":"","_et_pb_old_content":"","_et_gb_content_width":"","footnotes":""},"class_list":["post-2483","page","type-page","status-publish","has-post-thumbnail","hentry"],"acf":[],"_links":{"self":[{"href":"https:\/\/hermanszombathely.hu\/school\/wp-json\/wp\/v2\/pages\/2483","targetHints":{"allow":["GET"]}}],"collection":[{"href":"https:\/\/hermanszombathely.hu\/school\/wp-json\/wp\/v2\/pages"}],"about":[{"href":"https:\/\/hermanszombathely.hu\/school\/wp-json\/wp\/v2\/types\/page"}],"author":[{"embeddable":true,"href":"https:\/\/hermanszombathely.hu\/school\/wp-json\/wp\/v2\/users\/1"}],"replies":[{"embeddable":true,"href":"https:\/\/hermanszombathely.hu\/school\/wp-json\/wp\/v2\/comments?post=2483"}],"version-history":[{"count":10,"href":"https:\/\/hermanszombathely.hu\/school\/wp-json\/wp\/v2\/pages\/2483\/revisions"}],"predecessor-version":[{"id":2515,"href":"https:\/\/hermanszombathely.hu\/school\/wp-json\/wp\/v2\/pages\/2483\/revisions\/2515"}],"wp:featuredmedia":[{"embeddable":true,"href":"https:\/\/hermanszombathely.hu\/school\/wp-json\/wp\/v2\/media\/2486"}],"wp:attachment":[{"href":"https:\/\/hermanszombathely.hu\/school\/wp-json\/wp\/v2\/media?parent=2483"}],"curies":[{"name":"wp","href":"https:\/\/api.w.org\/{rel}","templated":true}]}}