{"id":167,"date":"2021-04-09T11:18:22","date_gmt":"2021-04-09T11:18:22","guid":{"rendered":"https:\/\/hermanszombathely.hu\/school\/?page_id=167"},"modified":"2021-04-09T11:18:22","modified_gmt":"2021-04-09T11:18:22","slug":"alapkompetencia-fejlesztessel-a-lemorzsolodas-ellen-az-fm-nyugat-magyarorszagi-szakiskolainak-egyuttmukodeseben-ginop-6-2-3-17-2017-00015","status":"publish","type":"page","link":"https:\/\/hermanszombathely.hu\/school\/alapkompetencia-fejlesztessel-a-lemorzsolodas-ellen-az-fm-nyugat-magyarorszagi-szakiskolainak-egyuttmukodeseben-ginop-6-2-3-17-2017-00015\/","title":{"rendered":"ALAPKOMPETENCIA-FEJLESZT\u00c9SSEL A LEMORZSOL\u00d3D\u00c1S ELLEN AZ FM NYUGAT-MAGYARORSZ\u00c1GI SZAKISKOL\u00c1INAK EGY\u00dcTTM\u0170K\u00d6D\u00c9S\u00c9BEN (GINOP-6.2.3-17-2017-00015)"},"content":{"rendered":"<p>Roth Gyula Erd\u00e9szeti, Faipari, Kert\u00e9szeti, K\u00f6rnyezetv\u00e9delmi Szakgimn\u00e1zium, Szakk\u00f6z\u00e9piskola \u00e9s Koll\u00e9gium<img loading=\"lazy\" decoding=\"async\" class=\"size-full wp-image-169 alignright\" src=\"https:\/\/hermanszombathely.hu\/school\/wp-content\/uploads\/2021\/04\/eu_p_logo2.jpg\" alt=\"\" width=\"283\" height=\"195\" srcset=\"https:\/\/hermanszombathely.hu\/school\/wp-content\/uploads\/2021\/04\/eu_p_logo2.jpg 283w, https:\/\/hermanszombathely.hu\/school\/wp-content\/uploads\/2021\/04\/eu_p_logo2-20x14.jpg 20w\" sizes=\"(max-width: 283px) 100vw, 283px\" \/><\/p>\n<p>&nbsp;<\/p>\n<p><strong>SAJT\u00d3K\u00d6ZLEM\u00c9NY<\/strong><\/p>\n<p><strong>Alapkompetencia-fejleszt\u00e9ssel a lemorzsol\u00f3d\u00e1s ellen az FM nyugat-magyarorsz\u00e1gi szakiskol\u00e1inak egy\u00fcttm\u0171k\u00f6d\u00e9s\u00e9ben (GINOP-6.2.3-17-2017-00015)<\/strong><\/p>\n<p><strong>A Roth Gyula Erd\u00e9szeti, Faipari, Kert\u00e9szeti, K\u00f6rnyezetv\u00e9delmi Szakgimn\u00e1zium, Szakk\u00f6z\u00e9piskola \u00e9s Koll\u00e9gium konzorciumban 9 m\u00e1sik FM fenntart\u00e1sban l\u00e9v\u0151 int\u00e9zm\u00e9nnyel az Eur\u00f3pai Uni\u00f3 t\u00e1mogat\u00e1s\u00e1val megval\u00f3sul\u00f3 Sz\u00e9chenyi 2020 Program keret\u00e9ben \u201eA szakk\u00e9pz\u00e9si int\u00e9zm\u00e9nyrendszer \u00e1tfog\u00f3 fejleszt\u00e9se\u201d c\u00edm\u0171 p\u00e1ly\u00e1zati felh\u00edv\u00e1sra beny\u00fajtott \u201eAlapkompetenciafejleszt\u00e9ssel a lemorzsol\u00f3d\u00e1s ellen az FM nyugat-magyarorsz\u00e1gi szakiskol\u00e1inak egy\u00fcttm\u0171k\u00f6d\u00e9s\u00e9ben\u201d c\u00edm\u0171 p\u00e1ly\u00e1zata vissza nem t\u00e9r\u00edtend\u0151 t\u00e1mogat\u00e1st nyert A t\u00e1mogat\u00e1s m\u00e9rt\u00e9ke az elsz\u00e1molhat\u00f3 \u00f6sszk\u00f6lts\u00e9g 100 % \u2013 a, amely 411,80 milli\u00f3 Forint. A projekt teljes eg\u00e9sz\u00e9ben eur\u00f3pai uni\u00f3s t\u00e1mogat\u00e1sb\u00f3l val\u00f3sul meg, az Eur\u00f3pai Szoci\u00e1lis Alap hozz\u00e1j\u00e1rul\u00e1s\u00e1val.\u00a0<\/strong><\/p>\n<p>A projekt c\u00e9lja a szakk\u00e9pz\u00e9sben tanul\u00f3k v\u00e9gzetts\u00e9g n\u00e9lk\u00fcli iskola elhagy\u00e1s\u00e1nak cs\u00f6kkent\u00e9se \u00e9s az alapk\u00e9szs\u00e9gek fejleszt\u00e9s\u00e9nek t\u00e1mogat\u00e1sa a kompetencia-alap\u00fa oktat\u00e1s fejleszt\u00e9s\u00e9vel, a k\u00f6znevel\u00e9si rendszer eredm\u00e9nyess\u00e9g\u00e9nek jav\u00edt\u00e1s\u00e1val, a min\u0151s\u00e9g\u00e9nek \u00e9s strukt\u00far\u00e1j\u00e1nak meg\u00faj\u00edt\u00e1s\u00e1val.<\/p>\n<p><strong>A projekt keret\u00e9ben megval\u00f3sul\u00f3 f\u0151bb tev\u00e9kenys\u00e9gek:<\/strong><\/p>\n<p>Helyzet\u00e9rt\u00e9kel\u00e9s \u00e9s Cselekv\u00e9si terv elk\u00e9sz\u00edt\u00e9se, a tanul\u00f3i k\u00e9szs\u00e9gek \u00e9s k\u00e9pess\u00e9gek fejleszt\u00e9se, tanul\u00f3i \u00e9letp\u00e1lya-\u00e9p\u00edt\u00e9st, p\u00e1lyaorient\u00e1ci\u00f3s tev\u00e9kenys\u00e9get szolg\u00e1l\u00f3 int\u00e9zked\u00e9sek, \u00e9letp\u00e1lya-tan\u00e1csad\u00e1si foglalkoz\u00e1sok, \u00e9letp\u00e1lya-orient\u00e1ci\u00f3, p\u00e1lyav\u00e1laszt\u00e1si t\u00e1j\u00e9koztat\u00f3, informatikai eszk\u00f6z\u00f6k beszerz\u00e9se, \u00faj tananyagok kidolgoz\u00e1sa, \u00e9s felt\u00f6lt\u00e9se.<\/p>\n<p><strong>A projekt megval\u00f3s\u00edt\u00e1s\u00e1ban r\u00e9szt vev\u0151 iskol\u00e1k:<\/strong><\/p>\n<ul>\n<li>Roth Gyula Erd\u00e9szeti, Faipari, Kert\u00e9szeti, K\u00f6rnyezetv\u00e9delmi Szakgimn\u00e1zium, Szakk\u00f6z\u00e9piskola \u00e9s Koll\u00e9gium<\/li>\n<li>Szombathelyi \u00c9lelmiszeripari \u00e9s F\u00f6ldm\u00e9r\u00e9si Szakgimn\u00e1zium, Szakk\u00f6z\u00e9piskola \u00e9s Koll\u00e9gium<\/li>\n<li>Entz Ferenc Mez\u0151gazdas\u00e1gi Szakgimn\u00e1zium, Szakk\u00f6z\u00e9piskola \u00e9s Koll\u00e9gium<\/li>\n<li>Batthy\u00e1ny Lajos Mez\u0151gazdas\u00e1gi \u00e9s \u00c9lelmiszeripari Szakgimn\u00e1zium, Szakk\u00f6z\u00e9piskola \u00e9s Koll\u00e9gium<\/li>\n<li><strong><em>Herman Ott\u00f3 K\u00f6rnyezetv\u00e9delmi \u00e9s Mez\u0151gazdas\u00e1gi Szakgimn\u00e1zium, Szakk\u00f6z\u00e9piskola \u00e9s Koll\u00e9gium<\/em><\/strong><\/li>\n<li>Veres P\u00e9ter Mez\u0151gazdas\u00e1gi \u00e9s \u00c9lelmiszeripari Szakgimn\u00e1zium, Szakk\u00f6z\u00e9piskola \u00e9s Koll\u00e9gium<\/li>\n<li>J\u00e1vorka S\u00e1ndor Mez\u0151gazdas\u00e1gi \u00e9s \u00c9lelmiszeripari Szakgimn\u00e1zium, Szakk\u00f6z\u00e9piskola \u00e9s Koll\u00e9gium<\/li>\n<li>Szent Istv\u00e1n Mez\u0151gazdas\u00e1gi \u00e9s \u00c9lelmiszeripari Szakgimn\u00e1zium \u00e9s Szakk\u00f6z\u00e9piskola<\/li>\n<li>Csuk\u00e1s Zolt\u00e1n Mez\u0151gazdas\u00e1gi Szakgimn\u00e1zium \u00e9s Szakk\u00f6z\u00e9piskola<\/li>\n<li>Pettk\u00f3-Szandtner Tibor Lovas Szakk\u00f6z\u00e9piskola \u00e9s Koll\u00e9gium<\/li>\n<\/ul>\n<p>A projekt 2018. febru\u00e1r 1.-t\u0151l 2020.j\u00falius 31.-ig tart.<\/p>\n<p><strong>Projekttel kapcsolatos tov\u00e1bbi inform\u00e1ci\u00f3k:<\/strong><\/p>\n<p>Pappn\u00e9 Vancs\u00f3 Judit projektmenedzser<br \/>\ne-mail: vancsojudit@gmail.com<br \/>\ntel.: +36-20\/591-5906<\/p>\n<p>&nbsp;<\/p>\n","protected":false},"excerpt":{"rendered":"<p>Roth Gyula Erd\u00e9szeti, Faipari, Kert\u00e9szeti, K\u00f6rnyezetv\u00e9delmi Szakgimn\u00e1zium, Szakk\u00f6z\u00e9piskola \u00e9s Koll\u00e9gium &nbsp; SAJT\u00d3K\u00d6ZLEM\u00c9NY Alapkompetencia-fejleszt\u00e9ssel a lemorzsol\u00f3d\u00e1s ellen az FM nyugat-magyarorsz\u00e1gi szakiskol\u00e1inak egy\u00fcttm\u0171k\u00f6d\u00e9s\u00e9ben (GINOP-6.2.3-17-2017-00015) A Roth Gyula Erd\u00e9szeti, Faipari, Kert\u00e9szeti, K\u00f6rnyezetv\u00e9delmi Szakgimn\u00e1zium, Szakk\u00f6z\u00e9piskola \u00e9s Koll\u00e9gium konzorciumban 9 m\u00e1sik FM fenntart\u00e1sban l\u00e9v\u0151 int\u00e9zm\u00e9nnyel az Eur\u00f3pai Uni\u00f3 t\u00e1mogat\u00e1s\u00e1val megval\u00f3sul\u00f3 Sz\u00e9chenyi 2020 Program keret\u00e9ben \u201eA szakk\u00e9pz\u00e9si int\u00e9zm\u00e9nyrendszer \u00e1tfog\u00f3 fejleszt\u00e9se\u201d c\u00edm\u0171 [&hellip;]<\/p>\n","protected":false},"author":1,"featured_media":0,"parent":0,"menu_order":0,"comment_status":"closed","ping_status":"closed","template":"","meta":{"_acf_changed":false,"_seopress_robots_primary_cat":"","_seopress_titles_title":"","_seopress_titles_desc":"","_seopress_robots_index":"","_et_pb_use_builder":"","_et_pb_old_content":"","_et_gb_content_width":"","footnotes":""},"class_list":["post-167","page","type-page","status-publish","hentry"],"acf":[],"_links":{"self":[{"href":"https:\/\/hermanszombathely.hu\/school\/wp-json\/wp\/v2\/pages\/167","targetHints":{"allow":["GET"]}}],"collection":[{"href":"https:\/\/hermanszombathely.hu\/school\/wp-json\/wp\/v2\/pages"}],"about":[{"href":"https:\/\/hermanszombathely.hu\/school\/wp-json\/wp\/v2\/types\/page"}],"author":[{"embeddable":true,"href":"https:\/\/hermanszombathely.hu\/school\/wp-json\/wp\/v2\/users\/1"}],"replies":[{"embeddable":true,"href":"https:\/\/hermanszombathely.hu\/school\/wp-json\/wp\/v2\/comments?post=167"}],"version-history":[{"count":1,"href":"https:\/\/hermanszombathely.hu\/school\/wp-json\/wp\/v2\/pages\/167\/revisions"}],"predecessor-version":[{"id":170,"href":"https:\/\/hermanszombathely.hu\/school\/wp-json\/wp\/v2\/pages\/167\/revisions\/170"}],"wp:attachment":[{"href":"https:\/\/hermanszombathely.hu\/school\/wp-json\/wp\/v2\/media?parent=167"}],"curies":[{"name":"wp","href":"https:\/\/api.w.org\/{rel}","templated":true}]}}