{"id":160,"date":"2021-04-09T10:15:57","date_gmt":"2021-04-09T10:15:57","guid":{"rendered":"https:\/\/hermanszombathely.hu\/school\/?page_id=160"},"modified":"2021-04-09T10:15:57","modified_gmt":"2021-04-09T10:15:57","slug":"kehop-kotelezo-nyilvanossag","status":"publish","type":"page","link":"https:\/\/hermanszombathely.hu\/school\/kehop-kotelezo-nyilvanossag\/","title":{"rendered":"KEHOP K\u00d6TELEZ\u0150 NYILV\u00c1NOSS\u00c1G"},"content":{"rendered":"<p><strong>Tisztelt L\u00e1togat\u00f3!<\/strong><\/p>\n<p>Int\u00e9zm\u00e9ny\u00fcnk 2017-ben komplex \u00e9p\u00fcletenergetikai fejleszt\u00e9st val\u00f3s\u00edt meg eur\u00f3pai uni\u00f3s t\u00e1mogat\u00e1s felhaszn\u00e1l\u00e1s\u00e1val. Projekt\u00fcnk a K\u00f6rnyezeti \u00e9s Energiahat\u00e9konys\u00e1gi Operat\u00edv Program (KEHOP) r\u00e9sz\u00e9t k\u00e9pez\u0151, \u201eK\u00f6lts\u00e9gvet\u00e9si szervek p\u00e1ly\u00e1zatos \u00e9p\u00fcletenergetikai fejleszt\u00e9sei\u201d c\u00edm\u0171 p\u00e1ly\u00e1zati konstrukci\u00f3 t\u00e1mogat\u00e1s\u00e1val val\u00f3sul meg. Az Eur\u00f3pai Uni\u00f3 \u00e9s Magyarorsz\u00e1g Korm\u00e1nya \u00e1ltal ny\u00fajtott t\u00e1mogat\u00e1s ar\u00e1nya a projekt k\u00f6lts\u00e9gvet\u00e9s\u00e9n bel\u00fcl 100 sz\u00e1zal\u00e9k.<\/p>\n<p><em>Projekt\u00fcnk r\u00f6vid le\u00edr\u00e1sa<\/em><\/p>\n<p>A projekt c\u00e9lja a Herman Ott\u00f3 K\u00f6rnyezetv\u00e9delmi \u00e9s Mez\u0151gazdas\u00e1gi Szakgimn\u00e1zium, Szakk\u00f6z\u00e9piskola \u00e9s Koll\u00e9gium \u00fczemeltet\u00e9s\u00e9ben lev\u0151 koll\u00e9giumi \u00e9p\u00fclet korszer\u0171s\u00edt\u00e9se. Az \u00e9p\u00fclet \u00fczemeltet\u00e9si k\u00f6lts\u00e9gei az iskola \u00e9ves k\u00f6lts\u00e9geinek egy igen jelent\u0151s r\u00e9sz\u00e9t teszik ki. A magas \u00fczemeltet\u00e9si k\u00f6lts\u00e9geket f\u0151leg a f\u0171t\u00e9si h\u0151ig\u00e9nyb\u0151l sz\u00e1rmaz\u00f3 magas g\u00e1zenergia-k\u00f6lts\u00e9g \u00e9s a villamos energiafogyaszt\u00e1s teszi ki. Ezek alapj\u00e1n javasolt a f\u0171t\u00e9si energiaig\u00e9ny cs\u00f6kkent\u00e9se, ami az \u00e9p\u00fclet k\u00fcls\u0151 hat\u00e1rol\u00f3 fel\u00fcleteinek h\u0151szigetel\u00e9s\u00e9vel, ny\u00edl\u00e1sz\u00e1r\u00f3inak cser\u00e9j\u00e9vel \u00e9rhet\u0151 el, valamint a villamosenergia felhaszn\u00e1l\u00e1s egy r\u00e9sz\u00e9nek napelemes rendszerrel t\u00f6rt\u00e9n\u0151 ell\u00e1t\u00e1s\u00e1val. A projekt keretein bel\u00fcl lehet\u0151s\u00e9g ny\u00edlik az \u00e9p\u00fclet fenntart\u00e1si k\u00f6lts\u00e9geinek, valamint \u00dcHG kibocs\u00e1t\u00e1s\u00e1nak cs\u00f6kkent\u00e9s\u00e9re, mindamellett, hogy jelent\u0151s komfort\u00e9rzet-n\u00f6veked\u00e9s is el\u00e9rhet\u0151.<\/p>\n<p><strong>A szerz\u0151d\u00f6tt t\u00e1mogat\u00e1s \u00f6sszege, annak sz\u00e1zal\u00e9kos m\u00e9rt\u00e9ke:<\/strong><\/p>\n<p>64 682 942 Ft \u2013 100%<\/p>\n<p><strong>A projekt tervezett befejez\u00e9si d\u00e1tuma:<\/strong><\/p>\n<p>2018.04.05.<\/p>\n<p><strong>Megval\u00f3sul\u00e1si helysz\u00edn \u00e9s m\u0171szaki tartalom:<\/strong><\/p>\n<p><strong>Fejlesztend\u0151 \u00e9p\u00fclet neve:<\/strong>\u00a0Herman Ott\u00f3 K\u00f6rnyezetv\u00e9delmi \u00e9s Mez\u0151gazdas\u00e1gi Szakgimn\u00e1zium, Szakk\u00f6z\u00e9piskola \u00e9s Koll\u00e9gium \u2013 Koll\u00e9giumi \u00e9p\u00fclet<br \/>\n<strong>Fejlesztend\u0151 \u00e9p\u00fclet c\u00edme:<\/strong>\u00a09700 Szombathely, Ernuszt Kelemen utca 1., 4062 hrsz.<\/p>\n<p><strong>Megval\u00f3sul\u00f3 m\u0171szaki tartalom:<\/strong><\/p>\n<ul>\n<li>Az \u00e9p\u00fcletek valamennyi homlokzat\u00e1nak h\u0151szigetel\u00e9se: 839,13 m2<\/li>\n<li>Padl\u00e1sf\u00f6d\u00e9m h\u0151szigetel\u00e9s: 443,23 m2<\/li>\n<li>\u00c1rk\u00e1df\u00f6d\u00e9m szigetel\u00e9se: 84,76 m2<\/li>\n<li>Az \u00e9p\u00fclet k\u00fcls\u0151 ny\u00edl\u00e1sz\u00e1r\u00f3inak energia-megtakar\u00edt\u00e1st eredm\u00e9nyez\u0151 cser\u00e9je: 137 m2<\/li>\n<li>Magastet\u0151 h\u0151szigetel\u00e9se: 219,62 m2<\/li>\n<li>Napelemes rendszer \u00f6ssz. modul teljes\u00edtm\u00e9nye: 22,36 kW<\/li>\n<\/ul>\n<p><strong>PROJEKTT\u00c1BLA K\u00c9P<\/strong><\/p>\n<p><img loading=\"lazy\" decoding=\"async\" class=\"size-full wp-image-163 aligncenter\" src=\"https:\/\/hermanszombathely.hu\/school\/wp-content\/uploads\/2021\/04\/eu_p_logo.jpg\" alt=\"\" width=\"802\" height=\"597\" srcset=\"https:\/\/hermanszombathely.hu\/school\/wp-content\/uploads\/2021\/04\/eu_p_logo.jpg 802w, https:\/\/hermanszombathely.hu\/school\/wp-content\/uploads\/2021\/04\/eu_p_logo-300x223.jpg 300w, https:\/\/hermanszombathely.hu\/school\/wp-content\/uploads\/2021\/04\/eu_p_logo-768x572.jpg 768w, https:\/\/hermanszombathely.hu\/school\/wp-content\/uploads\/2021\/04\/eu_p_logo-20x15.jpg 20w\" sizes=\"(max-width: 802px) 100vw, 802px\" \/><\/p>\n<p>&nbsp;<\/p>\n<p>&nbsp;<\/p>\n<p>Int\u00e9zm\u00e9ny\u00fcnk mellett sz\u00e1mos m\u00e1s, az orsz\u00e1g k\u00fcl\u00f6nb\u00f6z\u0151 telep\u00fcl\u00e9s\u00e9n m\u0171k\u00f6d\u0151 agr\u00e1r-szakk\u00e9pz\u0151 iskola val\u00f3s\u00edt meg hasonl\u00f3 fejleszt\u00e9st. Ezekr\u0151l a F\u00f6ldm\u0171vel\u00e9s\u00fcgyi Miniszt\u00e9rium mint az int\u00e9zm\u00e9nyek fenntart\u00f3ja \u00e1ltal \u00f6ssze\u00e1ll\u00edtott, az al\u00e1bbi linken el\u00e9rhet\u0151 \u00f6sszes\u00edt\u0151b\u0151l t\u00e1j\u00e9koz\u00f3dhat:<\/p>\n<p><a href=\"http:\/\/kehop.fm.gov.hu\/test\/\">http:\/\/kehop.fm.gov.hu\/test\/<\/a><\/p>\n\n\t\t<style type=\"text\/css\">\n\t\t\t#gallery-1 {\n\t\t\t\tmargin: auto;\n\t\t\t}\n\t\t\t#gallery-1 .gallery-item {\n\t\t\t\tfloat: left;\n\t\t\t\tmargin-top: 10px;\n\t\t\t\ttext-align: center;\n\t\t\t\twidth: 50%;\n\t\t\t}\n\t\t\t#gallery-1 img {\n\t\t\t\tborder: 2px solid #cfcfcf;\n\t\t\t}\n\t\t\t#gallery-1 .gallery-caption {\n\t\t\t\tmargin-left: 0;\n\t\t\t}\n\t\t\t\/* see gallery_shortcode() in wp-includes\/media.php *\/\n\t\t<\/style>\n\t\t<div id='gallery-1' class='gallery galleryid-160 gallery-columns-2 gallery-size-large'><dl class='gallery-item'>\n\t\t\t<dt class='gallery-icon landscape'>\n\t\t\t\t<a href='https:\/\/hermanszombathely.hu\/school\/kehop-kotelezo-nyilvanossag\/2018-08-20-kollegium-regi-300x201\/'><img loading=\"lazy\" decoding=\"async\" width=\"300\" height=\"201\" src=\"https:\/\/hermanszombathely.hu\/school\/wp-content\/uploads\/2021\/04\/2018-08-20-kollegium-regi-300x201-1.jpg\" class=\"attachment-large size-large\" alt=\"\" aria-describedby=\"gallery-1-165\" srcset=\"https:\/\/hermanszombathely.hu\/school\/wp-content\/uploads\/2021\/04\/2018-08-20-kollegium-regi-300x201-1.jpg 300w, https:\/\/hermanszombathely.hu\/school\/wp-content\/uploads\/2021\/04\/2018-08-20-kollegium-regi-300x201-1-20x13.jpg 20w\" sizes=\"(max-width: 300px) 100vw, 300px\" \/><\/a>\n\t\t\t<\/dt>\n\t\t\t\t<dd class='wp-caption-text gallery-caption' id='gallery-1-165'>\n\t\t\t\tIlyen volt\u2026\n\t\t\t\t<\/dd><\/dl><dl class='gallery-item'>\n\t\t\t<dt class='gallery-icon landscape'>\n\t\t\t\t<a href='https:\/\/hermanszombathely.hu\/school\/kehop-kotelezo-nyilvanossag\/2018-04-18-herman-kollegium-0327-300x200\/'><img loading=\"lazy\" decoding=\"async\" width=\"300\" height=\"200\" src=\"https:\/\/hermanszombathely.hu\/school\/wp-content\/uploads\/2021\/04\/2018-04-18-herman-kollegium-0327-300x200-1.jpg\" class=\"attachment-large size-large\" alt=\"\" aria-describedby=\"gallery-1-164\" srcset=\"https:\/\/hermanszombathely.hu\/school\/wp-content\/uploads\/2021\/04\/2018-04-18-herman-kollegium-0327-300x200-1.jpg 300w, https:\/\/hermanszombathely.hu\/school\/wp-content\/uploads\/2021\/04\/2018-04-18-herman-kollegium-0327-300x200-1-20x13.jpg 20w\" sizes=\"(max-width: 300px) 100vw, 300px\" \/><\/a>\n\t\t\t<\/dt>\n\t\t\t\t<dd class='wp-caption-text gallery-caption' id='gallery-1-164'>\n\t\t\t\t\u2026 ilyen lett\n\t\t\t\t<\/dd><\/dl><br style=\"clear: both\" \/>\n\t\t<\/div>\n\n","protected":false},"excerpt":{"rendered":"<p>Tisztelt L\u00e1togat\u00f3! Int\u00e9zm\u00e9ny\u00fcnk 2017-ben komplex \u00e9p\u00fcletenergetikai fejleszt\u00e9st val\u00f3s\u00edt meg eur\u00f3pai uni\u00f3s t\u00e1mogat\u00e1s felhaszn\u00e1l\u00e1s\u00e1val. Projekt\u00fcnk a K\u00f6rnyezeti \u00e9s Energiahat\u00e9konys\u00e1gi Operat\u00edv Program (KEHOP) r\u00e9sz\u00e9t k\u00e9pez\u0151, \u201eK\u00f6lts\u00e9gvet\u00e9si szervek p\u00e1ly\u00e1zatos \u00e9p\u00fcletenergetikai fejleszt\u00e9sei\u201d c\u00edm\u0171 p\u00e1ly\u00e1zati konstrukci\u00f3 t\u00e1mogat\u00e1s\u00e1val val\u00f3sul meg. Az Eur\u00f3pai Uni\u00f3 \u00e9s Magyarorsz\u00e1g Korm\u00e1nya \u00e1ltal ny\u00fajtott t\u00e1mogat\u00e1s ar\u00e1nya a projekt k\u00f6lts\u00e9gvet\u00e9s\u00e9n bel\u00fcl 100 sz\u00e1zal\u00e9k. Projekt\u00fcnk r\u00f6vid le\u00edr\u00e1sa A projekt [&hellip;]<\/p>\n","protected":false},"author":1,"featured_media":0,"parent":0,"menu_order":0,"comment_status":"closed","ping_status":"closed","template":"","meta":{"_acf_changed":false,"_seopress_robots_primary_cat":"","_seopress_titles_title":"","_seopress_titles_desc":"","_seopress_robots_index":"","_et_pb_use_builder":"","_et_pb_old_content":"","_et_gb_content_width":"","footnotes":""},"class_list":["post-160","page","type-page","status-publish","hentry"],"acf":[],"_links":{"self":[{"href":"https:\/\/hermanszombathely.hu\/school\/wp-json\/wp\/v2\/pages\/160","targetHints":{"allow":["GET"]}}],"collection":[{"href":"https:\/\/hermanszombathely.hu\/school\/wp-json\/wp\/v2\/pages"}],"about":[{"href":"https:\/\/hermanszombathely.hu\/school\/wp-json\/wp\/v2\/types\/page"}],"author":[{"embeddable":true,"href":"https:\/\/hermanszombathely.hu\/school\/wp-json\/wp\/v2\/users\/1"}],"replies":[{"embeddable":true,"href":"https:\/\/hermanszombathely.hu\/school\/wp-json\/wp\/v2\/comments?post=160"}],"version-history":[{"count":1,"href":"https:\/\/hermanszombathely.hu\/school\/wp-json\/wp\/v2\/pages\/160\/revisions"}],"predecessor-version":[{"id":166,"href":"https:\/\/hermanszombathely.hu\/school\/wp-json\/wp\/v2\/pages\/160\/revisions\/166"}],"wp:attachment":[{"href":"https:\/\/hermanszombathely.hu\/school\/wp-json\/wp\/v2\/media?parent=160"}],"curies":[{"name":"wp","href":"https:\/\/api.w.org\/{rel}","templated":true}]}}