{"id":155,"date":"2021-04-09T09:40:09","date_gmt":"2021-04-09T09:40:09","guid":{"rendered":"https:\/\/hermanszombathely.hu\/school\/?page_id=155"},"modified":"2026-01-16T08:04:58","modified_gmt":"2026-01-16T08:04:58","slug":"kulonos-kozzeteteli-lista","status":"publish","type":"page","link":"https:\/\/hermanszombathely.hu\/school\/kulonos-kozzeteteli-lista\/","title":{"rendered":"K\u00fcl\u00f6n\u00f6s k\u00f6zz\u00e9t\u00e9teli lista"},"content":{"rendered":"<p><a href=\"https:\/\/hermanszombathely.hu\/school\/szakmai-program\/\"><img loading=\"lazy\" decoding=\"async\" class=\"alignnone wp-image-513\" src=\"https:\/\/hermanszombathely.hu\/school\/wp-content\/uploads\/2021\/04\/szakmai_program1.jpg\" alt=\"\" width=\"200\" height=\"167\" srcset=\"https:\/\/hermanszombathely.hu\/school\/wp-content\/uploads\/2021\/04\/szakmai_program1.jpg 300w, https:\/\/hermanszombathely.hu\/school\/wp-content\/uploads\/2021\/04\/szakmai_program1-20x17.jpg 20w\" sizes=\"(max-width: 200px) 100vw, 200px\" \/><\/a><a href=\"https:\/\/hermanszombathely.hu\/school\/wp-content\/uploads\/2025\/11\/Hazirend.pdf\" target=\"_blank\" rel=\"noopener\"><img loading=\"lazy\" decoding=\"async\" class=\"alignnone wp-image-530\" src=\"https:\/\/hermanszombathely.hu\/school\/wp-content\/uploads\/2021\/04\/hazirend1.jpg\" alt=\"\" width=\"200\" height=\"167\" srcset=\"https:\/\/hermanszombathely.hu\/school\/wp-content\/uploads\/2021\/04\/hazirend1.jpg 300w, https:\/\/hermanszombathely.hu\/school\/wp-content\/uploads\/2021\/04\/hazirend1-20x17.jpg 20w\" sizes=\"(max-width: 200px) 100vw, 200px\" \/><\/a><a href=\"https:\/\/hermanszombathely.hu\/school\/szervezeti-es-mukodesi-szabalyzat\/\"><img loading=\"lazy\" decoding=\"async\" class=\"alignnone wp-image-531\" src=\"https:\/\/hermanszombathely.hu\/school\/wp-content\/uploads\/2021\/04\/szmsz.jpg\" alt=\"\" width=\"200\" height=\"167\" srcset=\"https:\/\/hermanszombathely.hu\/school\/wp-content\/uploads\/2021\/04\/szmsz.jpg 300w, https:\/\/hermanszombathely.hu\/school\/wp-content\/uploads\/2021\/04\/szmsz-20x17.jpg 20w\" sizes=\"(max-width: 200px) 100vw, 200px\" \/><\/a><a href=\"https:\/\/hermanszombathely.hu\/school\/wp-content\/uploads\/2026\/01\/kaszc-herman-munkaterv-2025-2026.pdf\"><img loading=\"lazy\" decoding=\"async\" class=\"alignnone wp-image-532\" src=\"https:\/\/hermanszombathely.hu\/school\/wp-content\/uploads\/2021\/04\/munka.jpg\" alt=\"\" width=\"200\" height=\"167\" srcset=\"https:\/\/hermanszombathely.hu\/school\/wp-content\/uploads\/2021\/04\/munka.jpg 300w, https:\/\/hermanszombathely.hu\/school\/wp-content\/uploads\/2021\/04\/munka-20x17.jpg 20w\" sizes=\"(max-width: 200px) 100vw, 200px\" \/><\/a><\/p>\n<hr \/>\n<h3 style=\"text-align: center;\">2025<\/h3>\n<p>Tan\u00e1rok (<a href=\"https:\/\/hermanszombathely.hu\/school\/wp-content\/uploads\/2025\/11\/Oktatok.pdf\" target=\"_blank\" rel=\"noopener\">pdf<\/a>)<br \/>\nInt\u00e9zm\u00e9nyi \u00f6sszefoglal\u00f3 jelent\u00e9s (<a href=\"https:\/\/hermanszombathely.hu\/school\/wp-content\/uploads\/2025\/11\/Intezmenyi-osszefoglalo-jelentes.pdf\" target=\"_blank\" rel=\"noopener\">pdf<\/a>)<br \/>\nFeladatell\u00e1t\u00e1si helyi \u00f6sszefoglal\u00f3 jelent\u00e9s (<a href=\"https:\/\/hermanszombathely.hu\/school\/wp-content\/uploads\/2025\/11\/Intezmenyi-osszefoglalo-jelentes.pdf\" target=\"_blank\" rel=\"noopener\">pdf<\/a>)<br \/>\n\u00c9retts\u00e9gi \u00e1tlagok (<a href=\"https:\/\/hermanszombathely.hu\/school\/wp-content\/uploads\/2025\/11\/Erettsegi-atlagok.pdf\" target=\"_blank\" rel=\"noopener\">pdf<\/a>)<br \/>\nIskolai dolgozatok (<a href=\"https:\/\/hermanszombathely.hu\/school\/wp-content\/uploads\/2025\/11\/Iskolai-dolgozatok.pdf\" target=\"_blank\" rel=\"noopener\">pdf<\/a>)<br \/>\nMindennapos testedz\u00e9s (<a href=\"https:\/\/hermanszombathely.hu\/school\/wp-content\/uploads\/2025\/11\/Mindennapos-testedzes.pdf\" target=\"_blank\" rel=\"noopener\">pdf<\/a>)<br \/>\nPed munk\u00e1t seg\u00edt\u0151k v\u00e9gzetts\u00e9ge (<a href=\"https:\/\/hermanszombathely.hu\/school\/wp-content\/uploads\/2025\/11\/Ped-munkat-segitok-vegzettsege.pdf\" target=\"_blank\" rel=\"noopener\">pdf<\/a>)<\/p>\n<hr \/>\n<p>&nbsp;<\/p>\n<p>&nbsp;<\/p>\n","protected":false},"excerpt":{"rendered":"<p>2025 Tan\u00e1rok (pdf) Int\u00e9zm\u00e9nyi \u00f6sszefoglal\u00f3 jelent\u00e9s (pdf) Feladatell\u00e1t\u00e1si helyi \u00f6sszefoglal\u00f3 jelent\u00e9s (pdf) \u00c9retts\u00e9gi \u00e1tlagok (pdf) Iskolai dolgozatok (pdf) Mindennapos testedz\u00e9s (pdf) Ped munk\u00e1t seg\u00edt\u0151k v\u00e9gzetts\u00e9ge (pdf) &nbsp; &nbsp;<\/p>\n","protected":false},"author":1,"featured_media":0,"parent":0,"menu_order":0,"comment_status":"closed","ping_status":"closed","template":"","meta":{"_acf_changed":false,"_seopress_robots_primary_cat":"","_seopress_titles_title":"","_seopress_titles_desc":"","_seopress_robots_index":"","_et_pb_use_builder":"","_et_pb_old_content":"","_et_gb_content_width":"","footnotes":""},"class_list":["post-155","page","type-page","status-publish","hentry"],"acf":[],"_links":{"self":[{"href":"https:\/\/hermanszombathely.hu\/school\/wp-json\/wp\/v2\/pages\/155","targetHints":{"allow":["GET"]}}],"collection":[{"href":"https:\/\/hermanszombathely.hu\/school\/wp-json\/wp\/v2\/pages"}],"about":[{"href":"https:\/\/hermanszombathely.hu\/school\/wp-json\/wp\/v2\/types\/page"}],"author":[{"embeddable":true,"href":"https:\/\/hermanszombathely.hu\/school\/wp-json\/wp\/v2\/users\/1"}],"replies":[{"embeddable":true,"href":"https:\/\/hermanszombathely.hu\/school\/wp-json\/wp\/v2\/comments?post=155"}],"version-history":[{"count":24,"href":"https:\/\/hermanszombathely.hu\/school\/wp-json\/wp\/v2\/pages\/155\/revisions"}],"predecessor-version":[{"id":3121,"href":"https:\/\/hermanszombathely.hu\/school\/wp-json\/wp\/v2\/pages\/155\/revisions\/3121"}],"wp:attachment":[{"href":"https:\/\/hermanszombathely.hu\/school\/wp-json\/wp\/v2\/media?parent=155"}],"curies":[{"name":"wp","href":"https:\/\/api.w.org\/{rel}","templated":true}]}}