{"id":140,"date":"2021-04-09T09:02:48","date_gmt":"2021-04-09T09:02:48","guid":{"rendered":"https:\/\/hermanszombathely.hu\/school\/?page_id=140"},"modified":"2026-04-22T06:59:53","modified_gmt":"2026-04-22T06:59:53","slug":"impresszum","status":"publish","type":"page","link":"https:\/\/hermanszombathely.hu\/school\/impresszum\/","title":{"rendered":"Impresszum"},"content":{"rendered":"<p><strong>Kiadja:<\/strong> Kisalf\u00f6ldi ASzC Herman Ott\u00f3 K\u00f6rnyezetv\u00e9delmi \u00e9s Mez\u0151gazdas\u00e1gi Technikum, Szakk\u00e9pz\u0151 Iskola \u00e9s Koll\u00e9gium<\/p>\n<p><strong>Szerkeszt\u00e9s\u00e9rt felel\u0151s:<\/strong>\u00a0Hodvogner Csaba (igazgat\u00f3<img loading=\"lazy\" decoding=\"async\" class=\"size-medium wp-image-142 alignright\" src=\"https:\/\/hermanszombathely.hu\/school\/wp-content\/uploads\/2021\/04\/Ado-300x213.jpg\" alt=\"\" width=\"300\" height=\"213\" srcset=\"https:\/\/hermanszombathely.hu\/school\/wp-content\/uploads\/2021\/04\/Ado-300x213.jpg 300w, https:\/\/hermanszombathely.hu\/school\/wp-content\/uploads\/2021\/04\/Ado-400x284.jpg 400w, https:\/\/hermanszombathely.hu\/school\/wp-content\/uploads\/2021\/04\/Ado-20x14.jpg 20w, https:\/\/hermanszombathely.hu\/school\/wp-content\/uploads\/2021\/04\/Ado.jpg 420w\" sizes=\"(max-width: 300px) 100vw, 300px\" \/>)<\/p>\n<p>Adatkezel\u00e9si t\u00e1j\u00e9koztat\u00f3 GDPR (<a href=\"https:\/\/hermanszombathely.hu\/wp-content\/uploads\/2018\/10\/2018-10-12-Herman-Adatkezel%C3%A9si-t%C3%A1j%C3%A9koztat%C3%B3_GDPR.pdf\">pdf<\/a>)<\/p>\n<p><strong>C\u00edm:<\/strong> 9700 Szombathely, Ernuszt Kelemen u. 1.<\/p>\n<p><strong>Tel:<\/strong> +36-94\/512-420<\/p>\n<p><strong>E-mail:<\/strong>\u00a0mail.titkarsag@hermanszombathely.hu<\/p>\n<p><strong>Technikai inform\u00e1ci\u00f3k:<\/strong><\/p>\n<p>A weboldal megjelen\u00e9se reszponsz\u00edv (responsive), a \u00a0kijelz\u0151 k\u00e9perny\u0151 nagys\u00e1g\u00e1t\u00f3l \u00a0\u00e9s felbont\u00e1s\u00e1t\u00f3l gyakorlatilag\u00a0\u00a0f\u00fcggetlen, \u00edgy k\u00e9nyelmes \u00e9s felhaszn\u00e1l\u00f3bar\u00e1t.<\/p>\n<p>Az oldalak megtekint\u00e9s\u00e9hez javasolt magyar nyelv\u0171, ingyenesen let\u00f6lthet\u0151 b\u00f6ng\u00e9sz\u0151verzi\u00f3k:<\/p>\n<ul>\n<li><a href=\"http:\/\/www.google.com\/chrome\">Google Chrome<\/a><\/li>\n<li><a href=\"http:\/\/www.mozilla-europe.org\/hu\/firefox\/\">Mozilla Firefox<\/a><\/li>\n<li><a href=\"https:\/\/www.microsoft.com\/hu-hu\/edge\/download?ch=1&amp;form=MA13FJ\">Microsoft Edge (<\/a><a href=\"https:\/\/www.microsoft.com\/hu-hu\/edge\/download?ch=1&amp;form=MA13FJ\">chromium alapu)<\/a><\/li>\n<li><a href=\"http:\/\/www.opera.com\/\">Opera<\/a><\/li>\n<\/ul>\n<p>Az oldal egyes funkci\u00f3ihoz\u00a0<a href=\"http:\/\/get.adobe.com\/flashplayer\/\">Adobe Flash Player plug-in<\/a>\u00a0sz\u00fcks\u00e9ges lehet.<\/p>\n<p>A let\u00f6lthet\u0151 PDF dokumentumok\u00a0<a href=\"http:\/\/www.adobe.com\/reader\">Adobe Reader<\/a>-rel olvashat\u00f3k.<\/p>\n<p>DOC-form\u00e1tumhoz az ingyenes\u00a0<a href=\"http:\/\/hu.openoffice.org\/\">OpenOffice.org<\/a>\u00a0programcsomagot aj\u00e1nljuk.<\/p>\n<p>T\u00f6m\u00f6r\u00edtett form\u00e1tum\u00fa f\u00e1jlok megnyit\u00e1s\u00e1hoz (ZIP, RAR) a\u00a0<a href=\"http:\/\/www.7-zip.org\/\">7-Zip<\/a>\u00a0programot aj\u00e1nljuk.<\/p>\n<p>Az oldal\u00a0<a href=\"https:\/\/hu.wordpress.org\/\">WordPress rendszer<\/a>rel k\u00e9sz\u00fclt.<\/p>\n<p>T\u00e1rhelyszolg\u00e1ltat\u00f3nk:\u00a0<a href=\"https:\/\/tarhely.eu\/\">https:\/\/tarhely.eu\/<\/a><\/p>\n<p><strong>A webhelyet kialak\u00edtotta \u00e9s azt gondozza:<\/strong><\/p>\n<p>A weboldal a Kisalf\u00f6ldi ASzC Herman Ott\u00f3 K\u00f6rnyezetv\u00e9delmi \u00e9s Mez\u0151gazdas\u00e1gi Technikum, Szakk\u00e9pz\u0151 Iskola \u00e9s Koll\u00e9gium tulajdon\u00e1t k\u00e9pezi, de egyes oldalak olyan k\u00e9peket is tartalmaznak, amelyek harmadik szem\u00e9ly tulajdon\u00e1t k\u00e9pezik.<\/p>\n<p>Az oldal tartalma szerz\u0151i jogv\u00e9delem alatt \u00e1ll. Az oldal b\u00e1rmely r\u00e9sz\u00e9t \u00e1tvenni csak m\u00f3dos\u00edt\u00e1s n\u00e9lk\u00fcl, a forr\u00e1sra val\u00f3 hivatkoz\u00e1ssal lehet.<\/p>\n","protected":false},"excerpt":{"rendered":"<p>Kiadja: Kisalf\u00f6ldi ASzC Herman Ott\u00f3 K\u00f6rnyezetv\u00e9delmi \u00e9s Mez\u0151gazdas\u00e1gi Technikum, Szakk\u00e9pz\u0151 Iskola \u00e9s Koll\u00e9gium Szerkeszt\u00e9s\u00e9rt felel\u0151s:\u00a0Hodvogner Csaba (igazgat\u00f3) Adatkezel\u00e9si t\u00e1j\u00e9koztat\u00f3 GDPR (pdf) C\u00edm: 9700 Szombathely, Ernuszt Kelemen u. 1. Tel: +36-94\/512-420 E-mail:\u00a0mail.titkarsag@hermanszombathely.hu Technikai inform\u00e1ci\u00f3k: A weboldal megjelen\u00e9se reszponsz\u00edv (responsive), a \u00a0kijelz\u0151 k\u00e9perny\u0151 nagys\u00e1g\u00e1t\u00f3l \u00a0\u00e9s felbont\u00e1s\u00e1t\u00f3l gyakorlatilag\u00a0\u00a0f\u00fcggetlen, \u00edgy k\u00e9nyelmes \u00e9s felhaszn\u00e1l\u00f3bar\u00e1t. Az oldalak megtekint\u00e9s\u00e9hez javasolt magyar nyelv\u0171, [&hellip;]<\/p>\n","protected":false},"author":1,"featured_media":0,"parent":0,"menu_order":0,"comment_status":"closed","ping_status":"closed","template":"","meta":{"_acf_changed":false,"_seopress_robots_primary_cat":"","_seopress_titles_title":"","_seopress_titles_desc":"","_seopress_robots_index":"","_et_pb_use_builder":"","_et_pb_old_content":"","_et_gb_content_width":"","footnotes":""},"class_list":["post-140","page","type-page","status-publish","hentry"],"acf":[],"_links":{"self":[{"href":"https:\/\/hermanszombathely.hu\/school\/wp-json\/wp\/v2\/pages\/140","targetHints":{"allow":["GET"]}}],"collection":[{"href":"https:\/\/hermanszombathely.hu\/school\/wp-json\/wp\/v2\/pages"}],"about":[{"href":"https:\/\/hermanszombathely.hu\/school\/wp-json\/wp\/v2\/types\/page"}],"author":[{"embeddable":true,"href":"https:\/\/hermanszombathely.hu\/school\/wp-json\/wp\/v2\/users\/1"}],"replies":[{"embeddable":true,"href":"https:\/\/hermanszombathely.hu\/school\/wp-json\/wp\/v2\/comments?post=140"}],"version-history":[{"count":5,"href":"https:\/\/hermanszombathely.hu\/school\/wp-json\/wp\/v2\/pages\/140\/revisions"}],"predecessor-version":[{"id":3229,"href":"https:\/\/hermanszombathely.hu\/school\/wp-json\/wp\/v2\/pages\/140\/revisions\/3229"}],"wp:attachment":[{"href":"https:\/\/hermanszombathely.hu\/school\/wp-json\/wp\/v2\/media?parent=140"}],"curies":[{"name":"wp","href":"https:\/\/api.w.org\/{rel}","templated":true}]}}